{"id":2324,"date":"2024-09-27T11:53:33","date_gmt":"2024-09-27T14:53:33","guid":{"rendered":"https:\/\/ekosfera.org.br\/?page_id=2324"},"modified":"2025-02-26T14:08:57","modified_gmt":"2025-02-26T17:08:57","slug":"servicos-ecossistemicos","status":"publish","type":"page","link":"https:\/\/ekosfera.org.br\/en\/servicos-ecossistemicos\/","title":{"rendered":"Servi\u00e7os ecosistemicos"},"content":{"rendered":"<div data-elementor-type=\"wp-page\" data-elementor-id=\"2324\" class=\"elementor elementor-2324\" data-elementor-post-type=\"page\">\n\t\t\t\t\t\t\t\t\t<section class=\"elementor-section elementor-top-section elementor-element elementor-element-c764d0a elementor-section-boxed elementor-section-height-default elementor-section-height-default\" data-id=\"c764d0a\" data-element_type=\"section\" data-settings=\"{&quot;jet_parallax_layout_list&quot;:[],&quot;background_background&quot;:&quot;classic&quot;}\">\n\t\t\t\t\t\t\t<div class=\"elementor-background-overlay\"><\/div>\n\t\t\t\t\t\t\t<div class=\"elementor-container elementor-column-gap-default\">\n\t\t\t\t\t<div class=\"elementor-column elementor-col-100 elementor-top-column elementor-element elementor-element-36651f0\" data-id=\"36651f0\" data-element_type=\"column\">\n\t\t\t<div class=\"elementor-widget-wrap elementor-element-populated\">\n\t\t\t\t\t\t\t\t<div class=\"elementor-element elementor-element-c2484f0 elementor-widget elementor-widget-heading\" data-id=\"c2484f0\" data-element_type=\"widget\" data-widget_type=\"heading.default\">\n\t\t\t\t<div class=\"elementor-widget-container\">\n\t\t\t<style>\/*! elementor - v3.15.0 - 09-08-2023 *\/\n.elementor-heading-title{padding:0;margin:0;line-height:1}.elementor-widget-heading .elementor-heading-title[class*=elementor-size-]>a{color:inherit;font-size:inherit;line-height:inherit}.elementor-widget-heading .elementor-heading-title.elementor-size-small{font-size:15px}.elementor-widget-heading .elementor-heading-title.elementor-size-medium{font-size:19px}.elementor-widget-heading .elementor-heading-title.elementor-size-large{font-size:29px}.elementor-widget-heading .elementor-heading-title.elementor-size-xl{font-size:39px}.elementor-widget-heading .elementor-heading-title.elementor-size-xxl{font-size:59px}<\/style><h1 class=\"elementor-heading-title elementor-size-default\"><span class=\"OYPEnA font-feature-liga-off font-feature-clig-off font-feature-calt-off text-decoration-none text-strikethrough-none\" style=\"font-kerning: none;\">join us in preserving the amazon and empowering communities<\/span><\/h1>\t\t<\/div>\n\t\t\t\t<\/div>\n\t\t\t\t<div class=\"elementor-element elementor-element-36d4fe3 elementor-widget elementor-widget-image\" data-id=\"36d4fe3\" data-element_type=\"widget\" data-widget_type=\"image.default\">\n\t\t\t\t<div class=\"elementor-widget-container\">\n\t\t\t<style>\/*! elementor - v3.15.0 - 09-08-2023 *\/\n.elementor-widget-image{text-align:center}.elementor-widget-image a{display:inline-block}.elementor-widget-image a img[src$=\".svg\"]{width:48px}.elementor-widget-image img{vertical-align:middle;display:inline-block}<\/style>\t\t\t\t\t\t\t\t\t\t\t\t<img loading=\"lazy\" decoding=\"async\" width=\"366\" height=\"265\" src=\"https:\/\/ekosfera.org.br\/wp-content\/uploads\/2023\/03\/instituto-branco.svg\" class=\"attachment-large size-large wp-image-21\" alt=\"\" \/>\t\t\t\t\t\t\t\t\t\t\t\t\t\t\t<\/div>\n\t\t\t\t<\/div>\n\t\t\t\t<div class=\"elementor-element elementor-element-d80e661 elementor-widget-divider--view-line elementor-widget elementor-widget-divider\" data-id=\"d80e661\" data-element_type=\"widget\" data-widget_type=\"divider.default\">\n\t\t\t\t<div class=\"elementor-widget-container\">\n\t\t\t<style>\/*! elementor - v3.15.0 - 09-08-2023 *\/\n.elementor-widget-divider{--divider-border-style:none;--divider-border-width:1px;--divider-color:#0c0d0e;--divider-icon-size:20px;--divider-element-spacing:10px;--divider-pattern-height:24px;--divider-pattern-size:20px;--divider-pattern-url:none;--divider-pattern-repeat:repeat-x}.elementor-widget-divider .elementor-divider{display:flex}.elementor-widget-divider .elementor-divider__text{font-size:15px;line-height:1;max-width:95%}.elementor-widget-divider .elementor-divider__element{margin:0 var(--divider-element-spacing);flex-shrink:0}.elementor-widget-divider .elementor-icon{font-size:var(--divider-icon-size)}.elementor-widget-divider .elementor-divider-separator{display:flex;margin:0;direction:ltr}.elementor-widget-divider--view-line_icon .elementor-divider-separator,.elementor-widget-divider--view-line_text .elementor-divider-separator{align-items:center}.elementor-widget-divider--view-line_icon .elementor-divider-separator:after,.elementor-widget-divider--view-line_icon .elementor-divider-separator:before,.elementor-widget-divider--view-line_text .elementor-divider-separator:after,.elementor-widget-divider--view-line_text .elementor-divider-separator:before{display:block;content:\"\";border-bottom:0;flex-grow:1;border-top:var(--divider-border-width) var(--divider-border-style) var(--divider-color)}.elementor-widget-divider--element-align-left .elementor-divider .elementor-divider-separator>.elementor-divider__svg:first-of-type{flex-grow:0;flex-shrink:100}.elementor-widget-divider--element-align-left .elementor-divider-separator:before{content:none}.elementor-widget-divider--element-align-left .elementor-divider__element{margin-left:0}.elementor-widget-divider--element-align-right .elementor-divider .elementor-divider-separator>.elementor-divider__svg:last-of-type{flex-grow:0;flex-shrink:100}.elementor-widget-divider--element-align-right .elementor-divider-separator:after{content:none}.elementor-widget-divider--element-align-right .elementor-divider__element{margin-right:0}.elementor-widget-divider:not(.elementor-widget-divider--view-line_text):not(.elementor-widget-divider--view-line_icon) .elementor-divider-separator{border-top:var(--divider-border-width) var(--divider-border-style) var(--divider-color)}.elementor-widget-divider--separator-type-pattern{--divider-border-style:none}.elementor-widget-divider--separator-type-pattern.elementor-widget-divider--view-line .elementor-divider-separator,.elementor-widget-divider--separator-type-pattern:not(.elementor-widget-divider--view-line) .elementor-divider-separator:after,.elementor-widget-divider--separator-type-pattern:not(.elementor-widget-divider--view-line) .elementor-divider-separator:before,.elementor-widget-divider--separator-type-pattern:not([class*=elementor-widget-divider--view]) .elementor-divider-separator{width:100%;min-height:var(--divider-pattern-height);-webkit-mask-size:var(--divider-pattern-size) 100%;mask-size:var(--divider-pattern-size) 100%;-webkit-mask-repeat:var(--divider-pattern-repeat);mask-repeat:var(--divider-pattern-repeat);background-color:var(--divider-color);-webkit-mask-image:var(--divider-pattern-url);mask-image:var(--divider-pattern-url)}.elementor-widget-divider--no-spacing{--divider-pattern-size:auto}.elementor-widget-divider--bg-round{--divider-pattern-repeat:round}.rtl .elementor-widget-divider .elementor-divider__text{direction:rtl}.e-con-inner>.elementor-widget-divider,.e-con>.elementor-widget-divider{width:var(--container-widget-width,100%);--flex-grow:var(--container-widget-flex-grow)}<\/style>\t\t<div class=\"elementor-divider\">\n\t\t\t<span class=\"elementor-divider-separator\">\n\t\t\t\t\t\t<\/span>\n\t\t<\/div>\n\t\t\t\t<\/div>\n\t\t\t\t<\/div>\n\t\t\t\t<div class=\"elementor-element elementor-element-3f8100f elementor-widget elementor-widget-heading\" data-id=\"3f8100f\" data-element_type=\"widget\" data-widget_type=\"heading.default\">\n\t\t\t\t<div class=\"elementor-widget-container\">\n\t\t\t<h5 class=\"elementor-heading-title elementor-size-default\"><font color=\"#ffffff\"><span style=\"font-weight: 400;\">The BKK Institute \u2013 Bonfarto Kaj Konservado creates, organizes, and develops scientific and business knowledge to support profitable businesses with a positive socio-environmental impact, enhancing the best of people and of the Brazilian biodiversity. <br\/> <br\/>We believe in PES (Payment for Ecosystem Services) and PSS (Payment for Social Services) as a financial mechanism to remunerate rural producers, family farmers and settlers, as well as traditional communities and indigenous peoples, for the environmental and social services provided and which generate benefits for the entire society. <br\/> <br\/>We are on a mission to support communities in the Amazon region of Brazil and preserve the precious Amazon Forest. But we can't do it without you! <br\/> <br\/>Click on the different projects below and discover how you can contribute to the preservation of the Amazon as well as to the well-being of traditional communities:\n<\/span><\/font>\n<\/h5>\t\t<\/div>\n\t\t\t\t<\/div>\n\t\t\t\t<section class=\"elementor-section elementor-inner-section elementor-element elementor-element-2c8d5eb elementor-section-boxed elementor-section-height-default elementor-section-height-default\" data-id=\"2c8d5eb\" data-element_type=\"section\" data-settings=\"{&quot;jet_parallax_layout_list&quot;:[]}\">\n\t\t\t\t\t\t<div class=\"elementor-container elementor-column-gap-default\">\n\t\t\t\t\t<div class=\"elementor-column elementor-col-50 elementor-inner-column elementor-element elementor-element-cf59bff\" data-id=\"cf59bff\" data-element_type=\"column\" data-settings=\"{&quot;background_background&quot;:&quot;classic&quot;}\">\n\t\t\t<div class=\"elementor-widget-wrap elementor-element-populated\">\n\t\t\t\t\t\t\t\t<div class=\"elementor-element elementor-element-7fbf318 elementor-widget-mobile__width-initial elementor-widget elementor-widget-image\" data-id=\"7fbf318\" data-element_type=\"widget\" data-widget_type=\"image.default\">\n\t\t\t\t<div class=\"elementor-widget-container\">\n\t\t\t\t\t\t\t\t\t\t\t\t\t\t\t\t<a href=\"https:\/\/pss.ekosfera.org.br\/produtores?lang=pt-BR\">\n\t\t\t\t\t\t\t<img loading=\"lazy\" decoding=\"async\" width=\"800\" height=\"727\" src=\"https:\/\/ekosfera.org.br\/wp-content\/uploads\/2024\/10\/projeto-comunidade-1-2-3-.png\" class=\"attachment-large size-large wp-image-2665\" alt=\"\" srcset=\"https:\/\/ekosfera.org.br\/wp-content\/uploads\/2024\/10\/projeto-comunidade-1-2-3-.png 810w, https:\/\/ekosfera.org.br\/wp-content\/uploads\/2024\/10\/projeto-comunidade-1-2-3--600x545.png 600w, https:\/\/ekosfera.org.br\/wp-content\/uploads\/2024\/10\/projeto-comunidade-1-2-3--300x273.png 300w, https:\/\/ekosfera.org.br\/wp-content\/uploads\/2024\/10\/projeto-comunidade-1-2-3--768x698.png 768w, https:\/\/ekosfera.org.br\/wp-content\/uploads\/2024\/10\/projeto-comunidade-1-2-3--13x12.png 13w\" sizes=\"(max-width: 800px) 100vw, 800px\" \/>\t\t\t\t\t\t\t\t<\/a>\n\t\t\t\t\t\t\t\t\t\t\t\t\t\t\t<\/div>\n\t\t\t\t<\/div>\n\t\t\t\t<div class=\"elementor-element elementor-element-69cf42a elementor-widget elementor-widget-heading\" data-id=\"69cf42a\" data-element_type=\"widget\" data-widget_type=\"heading.default\">\n\t\t\t\t<div class=\"elementor-widget-container\">\n\t\t\t<h6 class=\"elementor-heading-title elementor-size-default\"><span class=\"OYPEnA font-feature-liga-off font-feature-clig-off font-feature-calt-off text-decoration-none text-strikethrough-none\" style=\"color: rgb(255, 255, 255); font-weight: 400; font-kerning: none;\">Discover how to contribute to the Small Cocoa Producers Project<\/span><\/h6>\t\t<\/div>\n\t\t\t\t<\/div>\n\t\t\t\t\t<\/div>\n\t\t<\/div>\n\t\t\t\t<div class=\"elementor-column elementor-col-50 elementor-inner-column elementor-element elementor-element-949edd6\" data-id=\"949edd6\" data-element_type=\"column\" data-settings=\"{&quot;background_background&quot;:&quot;classic&quot;}\">\n\t\t\t<div class=\"elementor-widget-wrap elementor-element-populated\">\n\t\t\t\t\t\t\t\t<div class=\"elementor-element elementor-element-9914f1e elementor-widget-mobile__width-initial elementor-widget elementor-widget-image\" data-id=\"9914f1e\" data-element_type=\"widget\" data-widget_type=\"image.default\">\n\t\t\t\t<div class=\"elementor-widget-container\">\n\t\t\t\t\t\t\t\t\t\t\t\t\t\t\t\t<a href=\"https:\/\/pss.ekosfera.org.br\/cetras?lang=pt-br\">\n\t\t\t\t\t\t\t<img loading=\"lazy\" decoding=\"async\" width=\"800\" height=\"727\" src=\"https:\/\/ekosfera.org.br\/wp-content\/uploads\/2024\/10\/projeto-comunidade-2-1-3.png\" class=\"attachment-large size-large wp-image-2666\" alt=\"\" srcset=\"https:\/\/ekosfera.org.br\/wp-content\/uploads\/2024\/10\/projeto-comunidade-2-1-3.png 810w, https:\/\/ekosfera.org.br\/wp-content\/uploads\/2024\/10\/projeto-comunidade-2-1-3-600x545.png 600w, https:\/\/ekosfera.org.br\/wp-content\/uploads\/2024\/10\/projeto-comunidade-2-1-3-300x273.png 300w, https:\/\/ekosfera.org.br\/wp-content\/uploads\/2024\/10\/projeto-comunidade-2-1-3-768x698.png 768w, https:\/\/ekosfera.org.br\/wp-content\/uploads\/2024\/10\/projeto-comunidade-2-1-3-13x12.png 13w\" sizes=\"(max-width: 800px) 100vw, 800px\" \/>\t\t\t\t\t\t\t\t<\/a>\n\t\t\t\t\t\t\t\t\t\t\t\t\t\t\t<\/div>\n\t\t\t\t<\/div>\n\t\t\t\t<div class=\"elementor-element elementor-element-dc52a5a elementor-widget__width-initial elementor-widget elementor-widget-heading\" data-id=\"dc52a5a\" data-element_type=\"widget\" data-widget_type=\"heading.default\">\n\t\t\t\t<div class=\"elementor-widget-container\">\n\t\t\t<h6 class=\"elementor-heading-title elementor-size-default\"><span class=\"OYPEnA font-feature-liga-off font-feature-clig-off font-feature-calt-off text-decoration-none text-strikethrough-none\" style=\"color: rgb(255, 255, 255); font-weight: 400; font-kerning: none;\">Discover how to contribute to the Wild Animals Triage and Rehabilitation Center Project<\/span><\/h6>\t\t<\/div>\n\t\t\t\t<\/div>\n\t\t\t\t\t<\/div>\n\t\t<\/div>\n\t\t\t\t\t\t\t<\/div>\n\t\t<\/section>\n\t\t\t\t<section class=\"elementor-section elementor-inner-section elementor-element elementor-element-e0e45d5 elementor-section-boxed elementor-section-height-default elementor-section-height-default\" data-id=\"e0e45d5\" data-element_type=\"section\" data-settings=\"{&quot;jet_parallax_layout_list&quot;:[]}\">\n\t\t\t\t\t\t<div class=\"elementor-container elementor-column-gap-default\">\n\t\t\t\t\t<div class=\"elementor-column elementor-col-50 elementor-inner-column elementor-element elementor-element-01ae27a\" data-id=\"01ae27a\" data-element_type=\"column\">\n\t\t\t<div class=\"elementor-widget-wrap\">\n\t\t\t\t\t\t\t\t\t<\/div>\n\t\t<\/div>\n\t\t\t\t<div class=\"elementor-column elementor-col-50 elementor-inner-column elementor-element elementor-element-ecbf632\" data-id=\"ecbf632\" data-element_type=\"column\">\n\t\t\t<div class=\"elementor-widget-wrap\">\n\t\t\t\t\t\t\t\t\t<\/div>\n\t\t<\/div>\n\t\t\t\t\t\t\t<\/div>\n\t\t<\/section>\n\t\t\t\t\t<\/div>\n\t\t<\/div>\n\t\t\t\t\t\t\t<\/div>\n\t\t<\/section>\n\t\t\t\t\t\t\t<\/div>","protected":false},"excerpt":{"rendered":"<p>Junte-se a n\u00f3s na preserva\u00e7\u00e3o da Amaz\u00f4nia e no empoderamento das comunidades O Instituto BKK \u2013 Bonfarto Kaj Konservado cria, organiza e desenvolve conhecimento cient\u00edfico e empresarial para apoiar neg\u00f3cios lucrativos com impacto socioambiental positivo, potencializando o melhor das pessoas e da biodiversidade brasileira. N\u00f3s acreditamos no PSA (Pagamento por Servi\u00e7os Ambientais) e no PSS [&hellip;]<\/p>","protected":false},"author":4,"featured_media":0,"parent":0,"menu_order":0,"comment_status":"closed","ping_status":"closed","template":"elementor_header_footer","meta":{"footnotes":""},"class_list":["post-2324","page","type-page","status-publish","hentry"],"_links":{"self":[{"href":"https:\/\/ekosfera.org.br\/en\/wp-json\/wp\/v2\/pages\/2324"}],"collection":[{"href":"https:\/\/ekosfera.org.br\/en\/wp-json\/wp\/v2\/pages"}],"about":[{"href":"https:\/\/ekosfera.org.br\/en\/wp-json\/wp\/v2\/types\/page"}],"author":[{"embeddable":true,"href":"https:\/\/ekosfera.org.br\/en\/wp-json\/wp\/v2\/users\/4"}],"replies":[{"embeddable":true,"href":"https:\/\/ekosfera.org.br\/en\/wp-json\/wp\/v2\/comments?post=2324"}],"version-history":[{"count":84,"href":"https:\/\/ekosfera.org.br\/en\/wp-json\/wp\/v2\/pages\/2324\/revisions"}],"predecessor-version":[{"id":3005,"href":"https:\/\/ekosfera.org.br\/en\/wp-json\/wp\/v2\/pages\/2324\/revisions\/3005"}],"wp:attachment":[{"href":"https:\/\/ekosfera.org.br\/en\/wp-json\/wp\/v2\/media?parent=2324"}],"curies":[{"name":"wp","href":"https:\/\/api.w.org\/{rel}","templated":true}]}}