{"id":2392,"date":"2024-10-07T09:47:04","date_gmt":"2024-10-07T12:47:04","guid":{"rendered":"https:\/\/ekosfera.org.br\/?page_id=2392"},"modified":"2025-01-07T15:01:10","modified_gmt":"2025-01-07T18:01:10","slug":"francisco-sakaguchi","status":"publish","type":"page","link":"https:\/\/ekosfera.org.br\/en\/francisco-sakaguchi\/","title":{"rendered":"FRANCISCO SAKAGUCHI"},"content":{"rendered":"<div data-elementor-type=\"wp-page\" data-elementor-id=\"2392\" class=\"elementor elementor-2392\" data-elementor-post-type=\"page\">\n\t\t\t\t\t\t\t\t\t<section class=\"elementor-section elementor-top-section elementor-element elementor-element-c764d0a elementor-section-boxed elementor-section-height-default elementor-section-height-default\" data-id=\"c764d0a\" data-element_type=\"section\" data-settings=\"{&quot;jet_parallax_layout_list&quot;:[],&quot;background_background&quot;:&quot;classic&quot;}\">\n\t\t\t\t\t\t\t<div class=\"elementor-background-overlay\"><\/div>\n\t\t\t\t\t\t\t<div class=\"elementor-container elementor-column-gap-default\">\n\t\t\t\t\t<div class=\"elementor-column elementor-col-100 elementor-top-column elementor-element elementor-element-36651f0\" data-id=\"36651f0\" data-element_type=\"column\">\n\t\t\t<div class=\"elementor-widget-wrap elementor-element-populated\">\n\t\t\t\t\t\t\t\t<div class=\"elementor-element elementor-element-bee0112 elementor-widget elementor-widget-heading\" data-id=\"bee0112\" data-element_type=\"widget\" data-widget_type=\"heading.default\">\n\t\t\t\t<div class=\"elementor-widget-container\">\n\t\t\t<style>\/*! elementor - v3.15.0 - 09-08-2023 *\/\n.elementor-heading-title{padding:0;margin:0;line-height:1}.elementor-widget-heading .elementor-heading-title[class*=elementor-size-]>a{color:inherit;font-size:inherit;line-height:inherit}.elementor-widget-heading .elementor-heading-title.elementor-size-small{font-size:15px}.elementor-widget-heading .elementor-heading-title.elementor-size-medium{font-size:19px}.elementor-widget-heading .elementor-heading-title.elementor-size-large{font-size:29px}.elementor-widget-heading .elementor-heading-title.elementor-size-xl{font-size:39px}.elementor-widget-heading .elementor-heading-title.elementor-size-xxl{font-size:59px}<\/style><h5 class=\"elementor-heading-title elementor-size-default\">GET TO KNOW THE FAMILY FARMER <\/h5>\t\t<\/div>\n\t\t\t\t<\/div>\n\t\t\t\t<div class=\"elementor-element elementor-element-c2484f0 elementor-widget elementor-widget-heading\" data-id=\"c2484f0\" data-element_type=\"widget\" data-widget_type=\"heading.default\">\n\t\t\t\t<div class=\"elementor-widget-container\">\n\t\t\t<h1 class=\"elementor-heading-title elementor-size-default\">francisco sakaguchi<\/h1>\t\t<\/div>\n\t\t\t\t<\/div>\n\t\t\t\t<div class=\"elementor-element elementor-element-1803d82 elementor-widget elementor-widget-heading\" data-id=\"1803d82\" data-element_type=\"widget\" data-widget_type=\"heading.default\">\n\t\t\t\t<div class=\"elementor-widget-container\">\n\t\t\t<h5 class=\"elementor-heading-title elementor-size-default\">Tom\u00e9-A\u00e7u - Par\u00e1 - Amazon - Brazil<\/h5>\t\t<\/div>\n\t\t\t\t<\/div>\n\t\t\t\t<div class=\"elementor-element elementor-element-d80e661 elementor-widget-divider--view-line elementor-widget elementor-widget-divider\" data-id=\"d80e661\" data-element_type=\"widget\" data-widget_type=\"divider.default\">\n\t\t\t\t<div class=\"elementor-widget-container\">\n\t\t\t<style>\/*! elementor - v3.15.0 - 09-08-2023 *\/\n.elementor-widget-divider{--divider-border-style:none;--divider-border-width:1px;--divider-color:#0c0d0e;--divider-icon-size:20px;--divider-element-spacing:10px;--divider-pattern-height:24px;--divider-pattern-size:20px;--divider-pattern-url:none;--divider-pattern-repeat:repeat-x}.elementor-widget-divider .elementor-divider{display:flex}.elementor-widget-divider .elementor-divider__text{font-size:15px;line-height:1;max-width:95%}.elementor-widget-divider .elementor-divider__element{margin:0 var(--divider-element-spacing);flex-shrink:0}.elementor-widget-divider .elementor-icon{font-size:var(--divider-icon-size)}.elementor-widget-divider .elementor-divider-separator{display:flex;margin:0;direction:ltr}.elementor-widget-divider--view-line_icon .elementor-divider-separator,.elementor-widget-divider--view-line_text .elementor-divider-separator{align-items:center}.elementor-widget-divider--view-line_icon .elementor-divider-separator:after,.elementor-widget-divider--view-line_icon .elementor-divider-separator:before,.elementor-widget-divider--view-line_text .elementor-divider-separator:after,.elementor-widget-divider--view-line_text .elementor-divider-separator:before{display:block;content:\"\";border-bottom:0;flex-grow:1;border-top:var(--divider-border-width) var(--divider-border-style) var(--divider-color)}.elementor-widget-divider--element-align-left .elementor-divider .elementor-divider-separator>.elementor-divider__svg:first-of-type{flex-grow:0;flex-shrink:100}.elementor-widget-divider--element-align-left .elementor-divider-separator:before{content:none}.elementor-widget-divider--element-align-left .elementor-divider__element{margin-left:0}.elementor-widget-divider--element-align-right .elementor-divider .elementor-divider-separator>.elementor-divider__svg:last-of-type{flex-grow:0;flex-shrink:100}.elementor-widget-divider--element-align-right .elementor-divider-separator:after{content:none}.elementor-widget-divider--element-align-right .elementor-divider__element{margin-right:0}.elementor-widget-divider:not(.elementor-widget-divider--view-line_text):not(.elementor-widget-divider--view-line_icon) .elementor-divider-separator{border-top:var(--divider-border-width) var(--divider-border-style) var(--divider-color)}.elementor-widget-divider--separator-type-pattern{--divider-border-style:none}.elementor-widget-divider--separator-type-pattern.elementor-widget-divider--view-line .elementor-divider-separator,.elementor-widget-divider--separator-type-pattern:not(.elementor-widget-divider--view-line) .elementor-divider-separator:after,.elementor-widget-divider--separator-type-pattern:not(.elementor-widget-divider--view-line) .elementor-divider-separator:before,.elementor-widget-divider--separator-type-pattern:not([class*=elementor-widget-divider--view]) .elementor-divider-separator{width:100%;min-height:var(--divider-pattern-height);-webkit-mask-size:var(--divider-pattern-size) 100%;mask-size:var(--divider-pattern-size) 100%;-webkit-mask-repeat:var(--divider-pattern-repeat);mask-repeat:var(--divider-pattern-repeat);background-color:var(--divider-color);-webkit-mask-image:var(--divider-pattern-url);mask-image:var(--divider-pattern-url)}.elementor-widget-divider--no-spacing{--divider-pattern-size:auto}.elementor-widget-divider--bg-round{--divider-pattern-repeat:round}.rtl .elementor-widget-divider .elementor-divider__text{direction:rtl}.e-con-inner>.elementor-widget-divider,.e-con>.elementor-widget-divider{width:var(--container-widget-width,100%);--flex-grow:var(--container-widget-flex-grow)}<\/style>\t\t<div class=\"elementor-divider\">\n\t\t\t<span class=\"elementor-divider-separator\">\n\t\t\t\t\t\t<\/span>\n\t\t<\/div>\n\t\t\t\t<\/div>\n\t\t\t\t<\/div>\n\t\t\t\t<div class=\"elementor-element elementor-element-d9cc1f6 elementor-widget elementor-widget-heading\" data-id=\"d9cc1f6\" data-element_type=\"widget\" data-widget_type=\"heading.default\">\n\t\t\t\t<div class=\"elementor-widget-container\">\n\t\t\t<h5 class=\"elementor-heading-title elementor-size-default\">Francisco Wataru Sakaguchi applies \u201cNatural Agriculture\u201d on his property, a technique in which the subtle physical relationships and spiritual bonds involved in the cultivation of fine cocoa are considered.<br><br>\n\nFrancisco is the son of a forestry engineer called Noboru Sakaguchi, who moved to Brazil in the mid-20th century and planted a forest in which more than 80 fruit trees are now harvested, with leafy trees and remarkable biodiversity. The area is an example of regeneration through the Agroforestry System after successive failures of previous generations in monoculture cultivation. \n<br><br> \nWith the legacy of teachings and learning from his father, in addition to his deep knowledge of the forest and connection with nature, Francisco Sakaguchi currently considers himself an extractivist and no longer a farmer. He has applied \u201cNatural Agriculture\u201d to most of his property, a holistic system that is guided by the intrinsic wisdom of nature.<\/h5>\t\t<\/div>\n\t\t\t\t<\/div>\n\t\t\t\t<section class=\"elementor-section elementor-inner-section elementor-element elementor-element-7eacacf elementor-section-full_width elementor-section-height-default elementor-section-height-default\" data-id=\"7eacacf\" data-element_type=\"section\" data-settings=\"{&quot;jet_parallax_layout_list&quot;:[]}\">\n\t\t\t\t\t\t<div class=\"elementor-container elementor-column-gap-default\">\n\t\t\t\t\t<div class=\"elementor-column elementor-col-33 elementor-inner-column elementor-element elementor-element-e70b054\" data-id=\"e70b054\" data-element_type=\"column\">\n\t\t\t<div class=\"elementor-widget-wrap elementor-element-populated\">\n\t\t\t\t\t\t\t\t<div class=\"elementor-element elementor-element-4ce4d8f elementor-widget elementor-widget-image\" data-id=\"4ce4d8f\" data-element_type=\"widget\" data-widget_type=\"image.default\">\n\t\t\t\t<div class=\"elementor-widget-container\">\n\t\t\t<style>\/*! elementor - v3.15.0 - 09-08-2023 *\/\n.elementor-widget-image{text-align:center}.elementor-widget-image a{display:inline-block}.elementor-widget-image a img[src$=\".svg\"]{width:48px}.elementor-widget-image img{vertical-align:middle;display:inline-block}<\/style>\t\t\t\t\t\t\t\t\t\t\t\t<img loading=\"lazy\" decoding=\"async\" width=\"505\" height=\"900\" src=\"https:\/\/ekosfera.org.br\/wp-content\/uploads\/2024\/10\/saka1.png\" class=\"attachment-large size-large wp-image-2461\" alt=\"\" srcset=\"https:\/\/ekosfera.org.br\/wp-content\/uploads\/2024\/10\/saka1.png 505w, https:\/\/ekosfera.org.br\/wp-content\/uploads\/2024\/10\/saka1-168x300.png 168w, https:\/\/ekosfera.org.br\/wp-content\/uploads\/2024\/10\/saka1-7x12.png 7w\" sizes=\"(max-width: 505px) 100vw, 505px\" \/>\t\t\t\t\t\t\t\t\t\t\t\t\t\t\t<\/div>\n\t\t\t\t<\/div>\n\t\t\t\t\t<\/div>\n\t\t<\/div>\n\t\t\t\t<div class=\"elementor-column elementor-col-33 elementor-inner-column elementor-element elementor-element-5851bab\" data-id=\"5851bab\" data-element_type=\"column\">\n\t\t\t<div class=\"elementor-widget-wrap elementor-element-populated\">\n\t\t\t\t\t\t\t\t<div class=\"elementor-element elementor-element-ea94929 elementor-widget elementor-widget-image\" data-id=\"ea94929\" data-element_type=\"widget\" data-widget_type=\"image.default\">\n\t\t\t\t<div class=\"elementor-widget-container\">\n\t\t\t\t\t\t\t\t\t\t\t\t\t\t\t<img loading=\"lazy\" decoding=\"async\" width=\"505\" height=\"900\" src=\"https:\/\/ekosfera.org.br\/wp-content\/uploads\/2024\/10\/saka2.png\" class=\"attachment-large size-large wp-image-2455\" alt=\"\" srcset=\"https:\/\/ekosfera.org.br\/wp-content\/uploads\/2024\/10\/saka2.png 505w, https:\/\/ekosfera.org.br\/wp-content\/uploads\/2024\/10\/saka2-168x300.png 168w, https:\/\/ekosfera.org.br\/wp-content\/uploads\/2024\/10\/saka2-7x12.png 7w\" sizes=\"(max-width: 505px) 100vw, 505px\" \/>\t\t\t\t\t\t\t\t\t\t\t\t\t\t\t<\/div>\n\t\t\t\t<\/div>\n\t\t\t\t\t<\/div>\n\t\t<\/div>\n\t\t\t\t<div class=\"elementor-column elementor-col-33 elementor-inner-column elementor-element elementor-element-459dca2\" data-id=\"459dca2\" data-element_type=\"column\">\n\t\t\t<div class=\"elementor-widget-wrap elementor-element-populated\">\n\t\t\t\t\t\t\t\t<div class=\"elementor-element elementor-element-f984379 elementor-widget elementor-widget-image\" data-id=\"f984379\" data-element_type=\"widget\" data-widget_type=\"image.default\">\n\t\t\t\t<div class=\"elementor-widget-container\">\n\t\t\t\t\t\t\t\t\t\t\t\t\t\t\t<img loading=\"lazy\" decoding=\"async\" width=\"800\" height=\"533\" src=\"https:\/\/ekosfera.org.br\/wp-content\/uploads\/2024\/10\/saka3.png\" class=\"attachment-large size-large wp-image-2456\" alt=\"\" srcset=\"https:\/\/ekosfera.org.br\/wp-content\/uploads\/2024\/10\/saka3.png 1000w, https:\/\/ekosfera.org.br\/wp-content\/uploads\/2024\/10\/saka3-600x400.png 600w, https:\/\/ekosfera.org.br\/wp-content\/uploads\/2024\/10\/saka3-300x200.png 300w, https:\/\/ekosfera.org.br\/wp-content\/uploads\/2024\/10\/saka3-768x511.png 768w, https:\/\/ekosfera.org.br\/wp-content\/uploads\/2024\/10\/saka3-18x12.png 18w\" sizes=\"(max-width: 800px) 100vw, 800px\" \/>\t\t\t\t\t\t\t\t\t\t\t\t\t\t\t<\/div>\n\t\t\t\t<\/div>\n\t\t\t\t<div class=\"elementor-element elementor-element-86fb6ca elementor-widget elementor-widget-image\" data-id=\"86fb6ca\" data-element_type=\"widget\" data-widget_type=\"image.default\">\n\t\t\t\t<div class=\"elementor-widget-container\">\n\t\t\t\t\t\t\t\t\t\t\t\t\t\t\t<img loading=\"lazy\" decoding=\"async\" width=\"800\" height=\"534\" src=\"https:\/\/ekosfera.org.br\/wp-content\/uploads\/2024\/10\/saka4-1024x683.png\" class=\"attachment-large size-large wp-image-2457\" alt=\"\" srcset=\"https:\/\/ekosfera.org.br\/wp-content\/uploads\/2024\/10\/saka4-1024x683.png 1024w, https:\/\/ekosfera.org.br\/wp-content\/uploads\/2024\/10\/saka4-600x400.png 600w, https:\/\/ekosfera.org.br\/wp-content\/uploads\/2024\/10\/saka4-300x200.png 300w, https:\/\/ekosfera.org.br\/wp-content\/uploads\/2024\/10\/saka4-768x512.png 768w, https:\/\/ekosfera.org.br\/wp-content\/uploads\/2024\/10\/saka4-1536x1024.png 1536w, https:\/\/ekosfera.org.br\/wp-content\/uploads\/2024\/10\/saka4-18x12.png 18w, https:\/\/ekosfera.org.br\/wp-content\/uploads\/2024\/10\/saka4.png 1800w\" sizes=\"(max-width: 800px) 100vw, 800px\" \/>\t\t\t\t\t\t\t\t\t\t\t\t\t\t\t<\/div>\n\t\t\t\t<\/div>\n\t\t\t\t\t<\/div>\n\t\t<\/div>\n\t\t\t\t\t\t\t<\/div>\n\t\t<\/section>\n\t\t\t\t<div class=\"elementor-element elementor-element-c818f7e elementor-widget elementor-widget-heading\" data-id=\"c818f7e\" data-element_type=\"widget\" data-widget_type=\"heading.default\">\n\t\t\t\t<div class=\"elementor-widget-container\">\n\t\t\t<h5 class=\"elementor-heading-title elementor-size-default\"><p style=\"font-family: &quot;YAGRDFLG4bc 2&quot;, _fb_, auto; --cyV3ZQ: 15.9999px; --gJPlXQ: 1.4; letter-spacing: -0.007em; line-height: 22px;\"><span style=\"font-family: Oswald, sans-serif; font-size: 1.25rem;\">ENVIRONMENTAL IMPACT<\/span><\/p><p style=\"font-family: &quot;YAGRDFLG4bc 2&quot;, _fb_, auto; --cyV3ZQ: 15.9999px; --gJPlXQ: 1.4; letter-spacing: -0.007em; line-height: 22px;\"><span style=\"font-family: Oswald, sans-serif; font-size: 1.25rem; letter-spacing: -0.007em;\">Este trabalho contribui para manter 350 hectares de floresta em p\u00e9. <\/span><span style=\"font-family: Oswald, sans-serif; font-size: 1.25rem;\"><\/span><\/p><\/h5>\t\t<\/div>\n\t\t\t\t<\/div>\n\t\t\t\t\t<\/div>\n\t\t<\/div>\n\t\t\t\t\t\t\t<\/div>\n\t\t<\/section>\n\t\t\t\t<section class=\"elementor-section elementor-top-section elementor-element elementor-element-b32b124 elementor-section-boxed elementor-section-height-default elementor-section-height-default\" data-id=\"b32b124\" data-element_type=\"section\" data-settings=\"{&quot;jet_parallax_layout_list&quot;:[]}\">\n\t\t\t\t\t\t<div class=\"elementor-container elementor-column-gap-default\">\n\t\t\t\t\t<div class=\"elementor-column elementor-col-100 elementor-top-column elementor-element elementor-element-c0e9f79\" data-id=\"c0e9f79\" data-element_type=\"column\">\n\t\t\t<div class=\"elementor-widget-wrap\">\n\t\t\t\t\t\t\t\t\t<\/div>\n\t\t<\/div>\n\t\t\t\t\t\t\t<\/div>\n\t\t<\/section>\n\t\t\t\t\t\t\t<\/div>","protected":false},"excerpt":{"rendered":"<p>CONHE\u00c7A O PRODUTOR FAMILIAR francisco sakaguchi Tom\u00e9-A\u00e7u &#8211; Par\u00e1 &#8211; Amaz\u00f4nia &#8211; Brasil Francisco Wataru Sakaguchi aplica a \u201cAgricultura Natural\u201d em sua propriedade, t\u00e9cnica em que s\u00e3o consideradas as rela\u00e7\u00f5es f\u00edsicas sutis e os v\u00ednculos espirituais envolvidos no cultivo do cacau fino. Francisco \u00e9 filho de um engenheiro florestal chamado Noboru Sakaguchi, que se mudou [&hellip;]<\/p>","protected":false},"author":4,"featured_media":0,"parent":0,"menu_order":0,"comment_status":"closed","ping_status":"closed","template":"elementor_header_footer","meta":{"footnotes":""},"class_list":["post-2392","page","type-page","status-publish","hentry"],"_links":{"self":[{"href":"https:\/\/ekosfera.org.br\/en\/wp-json\/wp\/v2\/pages\/2392"}],"collection":[{"href":"https:\/\/ekosfera.org.br\/en\/wp-json\/wp\/v2\/pages"}],"about":[{"href":"https:\/\/ekosfera.org.br\/en\/wp-json\/wp\/v2\/types\/page"}],"author":[{"embeddable":true,"href":"https:\/\/ekosfera.org.br\/en\/wp-json\/wp\/v2\/users\/4"}],"replies":[{"embeddable":true,"href":"https:\/\/ekosfera.org.br\/en\/wp-json\/wp\/v2\/comments?post=2392"}],"version-history":[{"count":37,"href":"https:\/\/ekosfera.org.br\/en\/wp-json\/wp\/v2\/pages\/2392\/revisions"}],"predecessor-version":[{"id":2944,"href":"https:\/\/ekosfera.org.br\/en\/wp-json\/wp\/v2\/pages\/2392\/revisions\/2944"}],"wp:attachment":[{"href":"https:\/\/ekosfera.org.br\/en\/wp-json\/wp\/v2\/media?parent=2392"}],"curies":[{"name":"wp","href":"https:\/\/api.w.org\/{rel}","templated":true}]}}