{"id":2473,"date":"2024-10-07T16:18:16","date_gmt":"2024-10-07T19:18:16","guid":{"rendered":"https:\/\/ekosfera.org.br\/?page_id=2473"},"modified":"2024-11-06T16:47:28","modified_gmt":"2024-11-06T19:47:28","slug":"mocajuba","status":"publish","type":"page","link":"https:\/\/ekosfera.org.br\/en\/mocajuba\/","title":{"rendered":"MOCAJUBA"},"content":{"rendered":"<div data-elementor-type=\"wp-page\" data-elementor-id=\"2473\" class=\"elementor elementor-2473\" data-elementor-post-type=\"page\">\n\t\t\t\t\t\t\t\t\t<section class=\"elementor-section elementor-top-section elementor-element elementor-element-c764d0a elementor-section-boxed elementor-section-height-default elementor-section-height-default\" data-id=\"c764d0a\" data-element_type=\"section\" data-settings=\"{&quot;jet_parallax_layout_list&quot;:[],&quot;background_background&quot;:&quot;classic&quot;}\">\n\t\t\t\t\t\t\t<div class=\"elementor-background-overlay\"><\/div>\n\t\t\t\t\t\t\t<div class=\"elementor-container elementor-column-gap-default\">\n\t\t\t\t\t<div class=\"elementor-column elementor-col-100 elementor-top-column elementor-element elementor-element-36651f0\" data-id=\"36651f0\" data-element_type=\"column\">\n\t\t\t<div class=\"elementor-widget-wrap elementor-element-populated\">\n\t\t\t\t\t\t\t\t<div class=\"elementor-element elementor-element-bee0112 elementor-widget elementor-widget-heading\" data-id=\"bee0112\" data-element_type=\"widget\" data-widget_type=\"heading.default\">\n\t\t\t\t<div class=\"elementor-widget-container\">\n\t\t\t<style>\/*! elementor - v3.15.0 - 09-08-2023 *\/\n.elementor-heading-title{padding:0;margin:0;line-height:1}.elementor-widget-heading .elementor-heading-title[class*=elementor-size-]>a{color:inherit;font-size:inherit;line-height:inherit}.elementor-widget-heading .elementor-heading-title.elementor-size-small{font-size:15px}.elementor-widget-heading .elementor-heading-title.elementor-size-medium{font-size:19px}.elementor-widget-heading .elementor-heading-title.elementor-size-large{font-size:29px}.elementor-widget-heading .elementor-heading-title.elementor-size-xl{font-size:39px}.elementor-widget-heading .elementor-heading-title.elementor-size-xxl{font-size:59px}<\/style><h5 class=\"elementor-heading-title elementor-size-default\"><span class=\"OYPEnA font-feature-liga-off font-feature-clig-off font-feature-calt-off text-decoration-none text-strikethrough-none\" style=\"font-kerning: none;\">GET TO KNOW THE RIVERSIDE COMMUNITY<\/span><\/h5>\t\t<\/div>\n\t\t\t\t<\/div>\n\t\t\t\t<div class=\"elementor-element elementor-element-c2484f0 elementor-widget elementor-widget-heading\" data-id=\"c2484f0\" data-element_type=\"widget\" data-widget_type=\"heading.default\">\n\t\t\t\t<div class=\"elementor-widget-container\">\n\t\t\t<h1 class=\"elementor-heading-title elementor-size-default\">MOCAJUBA<\/h1>\t\t<\/div>\n\t\t\t\t<\/div>\n\t\t\t\t<div class=\"elementor-element elementor-element-1803d82 elementor-widget elementor-widget-heading\" data-id=\"1803d82\" data-element_type=\"widget\" data-widget_type=\"heading.default\">\n\t\t\t\t<div class=\"elementor-widget-container\">\n\t\t\t<h5 class=\"elementor-heading-title elementor-size-default\"><span class=\"OYPEnA font-feature-liga-off font-feature-clig-off font-feature-calt-off text-decoration-none text-strikethrough-none\" style=\"font-kerning: none;\">Mocajuba - Tocantins River - Par\u00e1 - Amazon - Brazil<\/span><\/h5>\t\t<\/div>\n\t\t\t\t<\/div>\n\t\t\t\t<div class=\"elementor-element elementor-element-d80e661 elementor-widget-divider--view-line elementor-widget elementor-widget-divider\" data-id=\"d80e661\" data-element_type=\"widget\" data-widget_type=\"divider.default\">\n\t\t\t\t<div class=\"elementor-widget-container\">\n\t\t\t<style>\/*! elementor - v3.15.0 - 09-08-2023 *\/\n.elementor-widget-divider{--divider-border-style:none;--divider-border-width:1px;--divider-color:#0c0d0e;--divider-icon-size:20px;--divider-element-spacing:10px;--divider-pattern-height:24px;--divider-pattern-size:20px;--divider-pattern-url:none;--divider-pattern-repeat:repeat-x}.elementor-widget-divider .elementor-divider{display:flex}.elementor-widget-divider .elementor-divider__text{font-size:15px;line-height:1;max-width:95%}.elementor-widget-divider .elementor-divider__element{margin:0 var(--divider-element-spacing);flex-shrink:0}.elementor-widget-divider .elementor-icon{font-size:var(--divider-icon-size)}.elementor-widget-divider .elementor-divider-separator{display:flex;margin:0;direction:ltr}.elementor-widget-divider--view-line_icon .elementor-divider-separator,.elementor-widget-divider--view-line_text .elementor-divider-separator{align-items:center}.elementor-widget-divider--view-line_icon .elementor-divider-separator:after,.elementor-widget-divider--view-line_icon .elementor-divider-separator:before,.elementor-widget-divider--view-line_text .elementor-divider-separator:after,.elementor-widget-divider--view-line_text .elementor-divider-separator:before{display:block;content:\"\";border-bottom:0;flex-grow:1;border-top:var(--divider-border-width) var(--divider-border-style) var(--divider-color)}.elementor-widget-divider--element-align-left .elementor-divider .elementor-divider-separator>.elementor-divider__svg:first-of-type{flex-grow:0;flex-shrink:100}.elementor-widget-divider--element-align-left .elementor-divider-separator:before{content:none}.elementor-widget-divider--element-align-left .elementor-divider__element{margin-left:0}.elementor-widget-divider--element-align-right .elementor-divider .elementor-divider-separator>.elementor-divider__svg:last-of-type{flex-grow:0;flex-shrink:100}.elementor-widget-divider--element-align-right .elementor-divider-separator:after{content:none}.elementor-widget-divider--element-align-right .elementor-divider__element{margin-right:0}.elementor-widget-divider:not(.elementor-widget-divider--view-line_text):not(.elementor-widget-divider--view-line_icon) .elementor-divider-separator{border-top:var(--divider-border-width) var(--divider-border-style) var(--divider-color)}.elementor-widget-divider--separator-type-pattern{--divider-border-style:none}.elementor-widget-divider--separator-type-pattern.elementor-widget-divider--view-line .elementor-divider-separator,.elementor-widget-divider--separator-type-pattern:not(.elementor-widget-divider--view-line) .elementor-divider-separator:after,.elementor-widget-divider--separator-type-pattern:not(.elementor-widget-divider--view-line) .elementor-divider-separator:before,.elementor-widget-divider--separator-type-pattern:not([class*=elementor-widget-divider--view]) .elementor-divider-separator{width:100%;min-height:var(--divider-pattern-height);-webkit-mask-size:var(--divider-pattern-size) 100%;mask-size:var(--divider-pattern-size) 100%;-webkit-mask-repeat:var(--divider-pattern-repeat);mask-repeat:var(--divider-pattern-repeat);background-color:var(--divider-color);-webkit-mask-image:var(--divider-pattern-url);mask-image:var(--divider-pattern-url)}.elementor-widget-divider--no-spacing{--divider-pattern-size:auto}.elementor-widget-divider--bg-round{--divider-pattern-repeat:round}.rtl .elementor-widget-divider .elementor-divider__text{direction:rtl}.e-con-inner>.elementor-widget-divider,.e-con>.elementor-widget-divider{width:var(--container-widget-width,100%);--flex-grow:var(--container-widget-flex-grow)}<\/style>\t\t<div class=\"elementor-divider\">\n\t\t\t<span class=\"elementor-divider-separator\">\n\t\t\t\t\t\t<\/span>\n\t\t<\/div>\n\t\t\t\t<\/div>\n\t\t\t\t<\/div>\n\t\t\t\t<div class=\"elementor-element elementor-element-d9cc1f6 elementor-widget elementor-widget-heading\" data-id=\"d9cc1f6\" data-element_type=\"widget\" data-widget_type=\"heading.default\">\n\t\t\t\t<div class=\"elementor-widget-container\">\n\t\t\t<h5 class=\"elementor-heading-title elementor-size-default\">Matriarch Preta Maia and her three daughters, Noanny, Naianny and Neylanny, live in a very well preserved area where cocoa cultivation is mostly on dry land and is considered as women territory. Thus, wild cocoa native to this region represents a form of resistance and female empowerment, being intuitively produced in an agroforestry system, in order to enhance and preserve the diversity and exuberant beauty of the Tauar\u00e9 island in Mocajuba, Baixo Tocantins.<br><br>\nPreta Maia, as Nilce Maia is better known, carries the mission of perpetuating her father and husband\u2019s legacy. Visionary, they were already thinking about SAF (Agroforestry System) and preserving the property's native trees. With their passing, the family saw the bond and permanence on this piece of land as the source of strength to continue and carry on their legacy.<\/h5>\t\t<\/div>\n\t\t\t\t<\/div>\n\t\t\t\t<section class=\"elementor-section elementor-inner-section elementor-element elementor-element-7eacacf elementor-section-full_width elementor-section-height-default elementor-section-height-default\" data-id=\"7eacacf\" data-element_type=\"section\" data-settings=\"{&quot;jet_parallax_layout_list&quot;:[]}\">\n\t\t\t\t\t\t<div class=\"elementor-container elementor-column-gap-default\">\n\t\t\t\t\t<div class=\"elementor-column elementor-col-33 elementor-inner-column elementor-element elementor-element-e70b054\" data-id=\"e70b054\" data-element_type=\"column\">\n\t\t\t<div class=\"elementor-widget-wrap elementor-element-populated\">\n\t\t\t\t\t\t\t\t<div class=\"elementor-element elementor-element-4ce4d8f elementor-widget elementor-widget-image\" data-id=\"4ce4d8f\" data-element_type=\"widget\" data-widget_type=\"image.default\">\n\t\t\t\t<div class=\"elementor-widget-container\">\n\t\t\t<style>\/*! elementor - v3.15.0 - 09-08-2023 *\/\n.elementor-widget-image{text-align:center}.elementor-widget-image a{display:inline-block}.elementor-widget-image a img[src$=\".svg\"]{width:48px}.elementor-widget-image img{vertical-align:middle;display:inline-block}<\/style>\t\t\t\t\t\t\t\t\t\t\t\t<img loading=\"lazy\" decoding=\"async\" width=\"800\" height=\"702\" src=\"https:\/\/ekosfera.org.br\/wp-content\/uploads\/2024\/11\/ft1sub-1024x898.png\" class=\"attachment-large size-large wp-image-2721\" alt=\"\" srcset=\"https:\/\/ekosfera.org.br\/wp-content\/uploads\/2024\/11\/ft1sub-1024x898.png 1024w, https:\/\/ekosfera.org.br\/wp-content\/uploads\/2024\/11\/ft1sub-600x526.png 600w, https:\/\/ekosfera.org.br\/wp-content\/uploads\/2024\/11\/ft1sub-300x263.png 300w, https:\/\/ekosfera.org.br\/wp-content\/uploads\/2024\/11\/ft1sub-768x673.png 768w, https:\/\/ekosfera.org.br\/wp-content\/uploads\/2024\/11\/ft1sub-1536x1347.png 1536w, https:\/\/ekosfera.org.br\/wp-content\/uploads\/2024\/11\/ft1sub-2048x1796.png 2048w, https:\/\/ekosfera.org.br\/wp-content\/uploads\/2024\/11\/ft1sub-14x12.png 14w\" sizes=\"(max-width: 800px) 100vw, 800px\" \/>\t\t\t\t\t\t\t\t\t\t\t\t\t\t\t<\/div>\n\t\t\t\t<\/div>\n\t\t\t\t\t<\/div>\n\t\t<\/div>\n\t\t\t\t<div class=\"elementor-column elementor-col-33 elementor-inner-column elementor-element elementor-element-459dca2\" data-id=\"459dca2\" data-element_type=\"column\">\n\t\t\t<div class=\"elementor-widget-wrap elementor-element-populated\">\n\t\t\t\t\t\t\t\t<div class=\"elementor-element elementor-element-f984379 elementor-widget elementor-widget-image\" data-id=\"f984379\" data-element_type=\"widget\" data-widget_type=\"image.default\">\n\t\t\t\t<div class=\"elementor-widget-container\">\n\t\t\t\t\t\t\t\t\t\t\t\t\t\t\t<img loading=\"lazy\" decoding=\"async\" width=\"800\" height=\"767\" src=\"https:\/\/ekosfera.org.br\/wp-content\/uploads\/2024\/10\/MOCAJUBA2-1024x982.jpg\" class=\"attachment-large size-large wp-image-2612\" alt=\"\" srcset=\"https:\/\/ekosfera.org.br\/wp-content\/uploads\/2024\/10\/MOCAJUBA2-1024x982.jpg 1024w, https:\/\/ekosfera.org.br\/wp-content\/uploads\/2024\/10\/MOCAJUBA2-scaled-600x576.jpg 600w, https:\/\/ekosfera.org.br\/wp-content\/uploads\/2024\/10\/MOCAJUBA2-300x288.jpg 300w, https:\/\/ekosfera.org.br\/wp-content\/uploads\/2024\/10\/MOCAJUBA2-768x737.jpg 768w, https:\/\/ekosfera.org.br\/wp-content\/uploads\/2024\/10\/MOCAJUBA2-1536x1474.jpg 1536w, https:\/\/ekosfera.org.br\/wp-content\/uploads\/2024\/10\/MOCAJUBA2-2048x1965.jpg 2048w, https:\/\/ekosfera.org.br\/wp-content\/uploads\/2024\/10\/MOCAJUBA2-13x12.jpg 13w\" sizes=\"(max-width: 800px) 100vw, 800px\" \/>\t\t\t\t\t\t\t\t\t\t\t\t\t\t\t<\/div>\n\t\t\t\t<\/div>\n\t\t\t\t<div class=\"elementor-element elementor-element-86fb6ca elementor-widget elementor-widget-image\" data-id=\"86fb6ca\" data-element_type=\"widget\" data-widget_type=\"image.default\">\n\t\t\t\t<div class=\"elementor-widget-container\">\n\t\t\t\t\t\t\t\t\t\t\t\t\t\t\t<img loading=\"lazy\" decoding=\"async\" width=\"800\" height=\"752\" src=\"https:\/\/ekosfera.org.br\/wp-content\/uploads\/2024\/10\/MOCAJUBA1-1024x962.jpg\" class=\"attachment-large size-large wp-image-2611\" alt=\"\" srcset=\"https:\/\/ekosfera.org.br\/wp-content\/uploads\/2024\/10\/MOCAJUBA1-1024x962.jpg 1024w, https:\/\/ekosfera.org.br\/wp-content\/uploads\/2024\/10\/MOCAJUBA1-scaled-600x563.jpg 600w, https:\/\/ekosfera.org.br\/wp-content\/uploads\/2024\/10\/MOCAJUBA1-300x282.jpg 300w, https:\/\/ekosfera.org.br\/wp-content\/uploads\/2024\/10\/MOCAJUBA1-768x721.jpg 768w, https:\/\/ekosfera.org.br\/wp-content\/uploads\/2024\/10\/MOCAJUBA1-1536x1442.jpg 1536w, https:\/\/ekosfera.org.br\/wp-content\/uploads\/2024\/10\/MOCAJUBA1-2048x1923.jpg 2048w, https:\/\/ekosfera.org.br\/wp-content\/uploads\/2024\/10\/MOCAJUBA1-13x12.jpg 13w\" sizes=\"(max-width: 800px) 100vw, 800px\" \/>\t\t\t\t\t\t\t\t\t\t\t\t\t\t\t<\/div>\n\t\t\t\t<\/div>\n\t\t\t\t\t<\/div>\n\t\t<\/div>\n\t\t\t\t<div class=\"elementor-column elementor-col-33 elementor-inner-column elementor-element elementor-element-5851bab\" data-id=\"5851bab\" data-element_type=\"column\">\n\t\t\t<div class=\"elementor-widget-wrap elementor-element-populated\">\n\t\t\t\t\t\t\t\t<div class=\"elementor-element elementor-element-ea94929 elementor-widget elementor-widget-image\" data-id=\"ea94929\" data-element_type=\"widget\" data-widget_type=\"image.default\">\n\t\t\t\t<div class=\"elementor-widget-container\">\n\t\t\t\t\t\t\t\t\t\t\t\t\t\t\t<img loading=\"lazy\" decoding=\"async\" width=\"708\" height=\"1024\" src=\"https:\/\/ekosfera.org.br\/wp-content\/uploads\/2024\/10\/MOCAJUBA-4-708x1024.png\" class=\"attachment-large size-large wp-image-2478\" alt=\"\" srcset=\"https:\/\/ekosfera.org.br\/wp-content\/uploads\/2024\/10\/MOCAJUBA-4-708x1024.png 708w, https:\/\/ekosfera.org.br\/wp-content\/uploads\/2024\/10\/MOCAJUBA-4-600x868.png 600w, https:\/\/ekosfera.org.br\/wp-content\/uploads\/2024\/10\/MOCAJUBA-4-207x300.png 207w, https:\/\/ekosfera.org.br\/wp-content\/uploads\/2024\/10\/MOCAJUBA-4-768x1111.png 768w, https:\/\/ekosfera.org.br\/wp-content\/uploads\/2024\/10\/MOCAJUBA-4-1062x1536.png 1062w, https:\/\/ekosfera.org.br\/wp-content\/uploads\/2024\/10\/MOCAJUBA-4-1416x2048.png 1416w, https:\/\/ekosfera.org.br\/wp-content\/uploads\/2024\/10\/MOCAJUBA-4-8x12.png 8w\" sizes=\"(max-width: 708px) 100vw, 708px\" \/>\t\t\t\t\t\t\t\t\t\t\t\t\t\t\t<\/div>\n\t\t\t\t<\/div>\n\t\t\t\t\t<\/div>\n\t\t<\/div>\n\t\t\t\t\t\t\t<\/div>\n\t\t<\/section>\n\t\t\t\t<div class=\"elementor-element elementor-element-c818f7e elementor-widget__width-initial elementor-widget elementor-widget-heading\" data-id=\"c818f7e\" data-element_type=\"widget\" data-widget_type=\"heading.default\">\n\t\t\t\t<div class=\"elementor-widget-container\">\n\t\t\t<h6 class=\"elementor-heading-title elementor-size-default\">Image Credits: Ana Lu Rocha and Meteus Mendes<\/h6>\t\t<\/div>\n\t\t\t\t<\/div>\n\t\t\t\t<div class=\"elementor-element elementor-element-6a6d621 elementor-widget__width-initial elementor-widget elementor-widget-heading\" data-id=\"6a6d621\" data-element_type=\"widget\" data-widget_type=\"heading.default\">\n\t\t\t\t<div class=\"elementor-widget-container\">\n\t\t\t<h5 class=\"elementor-heading-title elementor-size-default translation-block\">This female group not only wants to dedicate itself to empowering the cocoa production chain, but also to the community\u2019s development and awareness as a whole. In Noanny's words: \u201cThe Chocolates De Mendes proposal attracted us, as they want to go further, they want to value culture, the Amazon, they want to preserve and introduce a new model of sustainable living. With these improvements, the impact reverberates throughout the community, it is much bigger than us and cocoa. We want people to know that Mocajuba exists, that it is worth knowing. Today the great strategy for saving the Amazon lies in this: get to know the Amazon, understand why you have to save it.\u201d<\/h5>\t\t<\/div>\n\t\t\t\t<\/div>\n\t\t\t\t\t<\/div>\n\t\t<\/div>\n\t\t\t\t\t\t\t<\/div>\n\t\t<\/section>\n\t\t\t\t\t\t\t<\/div>","protected":false},"excerpt":{"rendered":"<p>CONHE\u00c7A A COMUNIDADE RIBEIRINHA MOCAJUBA Mocajuba &#8211; Rio Tocantins &#8211; Par\u00e1 &#8211; Amaz\u00f4nia &#8211; Brasil A matriarca Preta Maia e suas tr\u00eas filhas, Noanny, Naianny e Neylanny, vivem em uma \u00e1rea muito bem preservada em que o cultivo do cacau encontra-se majoritariamente em terra firme e \u00e9 territ\u00f3rio das mulheres. Assim, o cacau selvagem nativo [&hellip;]<\/p>","protected":false},"author":4,"featured_media":0,"parent":0,"menu_order":0,"comment_status":"closed","ping_status":"closed","template":"elementor_header_footer","meta":{"footnotes":""},"class_list":["post-2473","page","type-page","status-publish","hentry"],"_links":{"self":[{"href":"https:\/\/ekosfera.org.br\/en\/wp-json\/wp\/v2\/pages\/2473"}],"collection":[{"href":"https:\/\/ekosfera.org.br\/en\/wp-json\/wp\/v2\/pages"}],"about":[{"href":"https:\/\/ekosfera.org.br\/en\/wp-json\/wp\/v2\/types\/page"}],"author":[{"embeddable":true,"href":"https:\/\/ekosfera.org.br\/en\/wp-json\/wp\/v2\/users\/4"}],"replies":[{"embeddable":true,"href":"https:\/\/ekosfera.org.br\/en\/wp-json\/wp\/v2\/comments?post=2473"}],"version-history":[{"count":52,"href":"https:\/\/ekosfera.org.br\/en\/wp-json\/wp\/v2\/pages\/2473\/revisions"}],"predecessor-version":[{"id":2724,"href":"https:\/\/ekosfera.org.br\/en\/wp-json\/wp\/v2\/pages\/2473\/revisions\/2724"}],"wp:attachment":[{"href":"https:\/\/ekosfera.org.br\/en\/wp-json\/wp\/v2\/media?parent=2473"}],"curies":[{"name":"wp","href":"https:\/\/api.w.org\/{rel}","templated":true}]}}