{"id":2505,"date":"2024-10-08T08:56:18","date_gmt":"2024-10-08T11:56:18","guid":{"rendered":"https:\/\/ekosfera.org.br\/?page_id=2505"},"modified":"2024-11-08T14:08:00","modified_gmt":"2024-11-08T17:08:00","slug":"amabela","status":"publish","type":"page","link":"https:\/\/ekosfera.org.br\/en\/amabela\/","title":{"rendered":"AMABELA"},"content":{"rendered":"<div data-elementor-type=\"wp-page\" data-elementor-id=\"2505\" class=\"elementor elementor-2505\" data-elementor-post-type=\"page\">\n\t\t\t\t\t\t\t\t\t<section class=\"elementor-section elementor-top-section elementor-element elementor-element-c764d0a elementor-section-boxed elementor-section-height-default elementor-section-height-default\" data-id=\"c764d0a\" data-element_type=\"section\" data-settings=\"{&quot;jet_parallax_layout_list&quot;:[],&quot;background_background&quot;:&quot;classic&quot;}\">\n\t\t\t\t\t\t\t<div class=\"elementor-background-overlay\"><\/div>\n\t\t\t\t\t\t\t<div class=\"elementor-container elementor-column-gap-default\">\n\t\t\t\t\t<div class=\"elementor-column elementor-col-100 elementor-top-column elementor-element elementor-element-36651f0\" data-id=\"36651f0\" data-element_type=\"column\">\n\t\t\t<div class=\"elementor-widget-wrap elementor-element-populated\">\n\t\t\t\t\t\t\t\t<div class=\"elementor-element elementor-element-bee0112 elementor-widget elementor-widget-heading\" data-id=\"bee0112\" data-element_type=\"widget\" data-widget_type=\"heading.default\">\n\t\t\t\t<div class=\"elementor-widget-container\">\n\t\t\t<style>\/*! elementor - v3.15.0 - 09-08-2023 *\/\n.elementor-heading-title{padding:0;margin:0;line-height:1}.elementor-widget-heading .elementor-heading-title[class*=elementor-size-]>a{color:inherit;font-size:inherit;line-height:inherit}.elementor-widget-heading .elementor-heading-title.elementor-size-small{font-size:15px}.elementor-widget-heading .elementor-heading-title.elementor-size-medium{font-size:19px}.elementor-widget-heading .elementor-heading-title.elementor-size-large{font-size:29px}.elementor-widget-heading .elementor-heading-title.elementor-size-xl{font-size:39px}.elementor-widget-heading .elementor-heading-title.elementor-size-xxl{font-size:59px}<\/style><h5 class=\"elementor-heading-title elementor-size-default\"><span class=\"OYPEnA font-feature-liga-off font-feature-clig-off font-feature-calt-off text-decoration-none text-strikethrough-none\" style=\"font-kerning: none;\">GET TO KNOW THE WOMEN\u2019S ORGANIZATION<\/span><\/h5>\t\t<\/div>\n\t\t\t\t<\/div>\n\t\t\t\t<div class=\"elementor-element elementor-element-c2484f0 elementor-widget elementor-widget-heading\" data-id=\"c2484f0\" data-element_type=\"widget\" data-widget_type=\"heading.default\">\n\t\t\t\t<div class=\"elementor-widget-container\">\n\t\t\t<h1 class=\"elementor-heading-title elementor-size-default\">amabela<\/h1>\t\t<\/div>\n\t\t\t\t<\/div>\n\t\t\t\t<div class=\"elementor-element elementor-element-20997aa elementor-widget elementor-widget-heading\" data-id=\"20997aa\" data-element_type=\"widget\" data-widget_type=\"heading.default\">\n\t\t\t\t<div class=\"elementor-widget-container\">\n\t\t\t<h5 class=\"elementor-heading-title elementor-size-default translation-block\">Belterra - Tapaj\u00f3s River - Amazon - Brazil<\/h5>\t\t<\/div>\n\t\t\t\t<\/div>\n\t\t\t\t<div class=\"elementor-element elementor-element-d80e661 elementor-widget-divider--view-line elementor-widget elementor-widget-divider\" data-id=\"d80e661\" data-element_type=\"widget\" data-widget_type=\"divider.default\">\n\t\t\t\t<div class=\"elementor-widget-container\">\n\t\t\t<style>\/*! elementor - v3.15.0 - 09-08-2023 *\/\n.elementor-widget-divider{--divider-border-style:none;--divider-border-width:1px;--divider-color:#0c0d0e;--divider-icon-size:20px;--divider-element-spacing:10px;--divider-pattern-height:24px;--divider-pattern-size:20px;--divider-pattern-url:none;--divider-pattern-repeat:repeat-x}.elementor-widget-divider .elementor-divider{display:flex}.elementor-widget-divider .elementor-divider__text{font-size:15px;line-height:1;max-width:95%}.elementor-widget-divider .elementor-divider__element{margin:0 var(--divider-element-spacing);flex-shrink:0}.elementor-widget-divider .elementor-icon{font-size:var(--divider-icon-size)}.elementor-widget-divider .elementor-divider-separator{display:flex;margin:0;direction:ltr}.elementor-widget-divider--view-line_icon .elementor-divider-separator,.elementor-widget-divider--view-line_text .elementor-divider-separator{align-items:center}.elementor-widget-divider--view-line_icon .elementor-divider-separator:after,.elementor-widget-divider--view-line_icon .elementor-divider-separator:before,.elementor-widget-divider--view-line_text .elementor-divider-separator:after,.elementor-widget-divider--view-line_text .elementor-divider-separator:before{display:block;content:\"\";border-bottom:0;flex-grow:1;border-top:var(--divider-border-width) var(--divider-border-style) var(--divider-color)}.elementor-widget-divider--element-align-left .elementor-divider .elementor-divider-separator>.elementor-divider__svg:first-of-type{flex-grow:0;flex-shrink:100}.elementor-widget-divider--element-align-left .elementor-divider-separator:before{content:none}.elementor-widget-divider--element-align-left .elementor-divider__element{margin-left:0}.elementor-widget-divider--element-align-right .elementor-divider .elementor-divider-separator>.elementor-divider__svg:last-of-type{flex-grow:0;flex-shrink:100}.elementor-widget-divider--element-align-right .elementor-divider-separator:after{content:none}.elementor-widget-divider--element-align-right .elementor-divider__element{margin-right:0}.elementor-widget-divider:not(.elementor-widget-divider--view-line_text):not(.elementor-widget-divider--view-line_icon) .elementor-divider-separator{border-top:var(--divider-border-width) var(--divider-border-style) var(--divider-color)}.elementor-widget-divider--separator-type-pattern{--divider-border-style:none}.elementor-widget-divider--separator-type-pattern.elementor-widget-divider--view-line .elementor-divider-separator,.elementor-widget-divider--separator-type-pattern:not(.elementor-widget-divider--view-line) .elementor-divider-separator:after,.elementor-widget-divider--separator-type-pattern:not(.elementor-widget-divider--view-line) .elementor-divider-separator:before,.elementor-widget-divider--separator-type-pattern:not([class*=elementor-widget-divider--view]) .elementor-divider-separator{width:100%;min-height:var(--divider-pattern-height);-webkit-mask-size:var(--divider-pattern-size) 100%;mask-size:var(--divider-pattern-size) 100%;-webkit-mask-repeat:var(--divider-pattern-repeat);mask-repeat:var(--divider-pattern-repeat);background-color:var(--divider-color);-webkit-mask-image:var(--divider-pattern-url);mask-image:var(--divider-pattern-url)}.elementor-widget-divider--no-spacing{--divider-pattern-size:auto}.elementor-widget-divider--bg-round{--divider-pattern-repeat:round}.rtl .elementor-widget-divider .elementor-divider__text{direction:rtl}.e-con-inner>.elementor-widget-divider,.e-con>.elementor-widget-divider{width:var(--container-widget-width,100%);--flex-grow:var(--container-widget-flex-grow)}<\/style>\t\t<div class=\"elementor-divider\">\n\t\t\t<span class=\"elementor-divider-separator\">\n\t\t\t\t\t\t<\/span>\n\t\t<\/div>\n\t\t\t\t<\/div>\n\t\t\t\t<\/div>\n\t\t\t\t<div class=\"elementor-element elementor-element-d9cc1f6 elementor-widget elementor-widget-heading\" data-id=\"d9cc1f6\" data-element_type=\"widget\" data-widget_type=\"heading.default\">\n\t\t\t\t<div class=\"elementor-widget-container\">\n\t\t\t<h5 class=\"elementor-heading-title elementor-size-default\">Originating from the Amazon, cupua\u00e7u harvested by the Associa\u00e7\u00e3o de Mulheres Trabalhadoras Rurais do Munic\u00edpio de Belterra (Par\u00e1 State), is planted in an Agroforestry System. Based on the region people\u2019s  ancestral knowledge, cupua\u00e7u beans are treated in a traditional way.<br>\n<br>\n\nCupua\u00e7u beans, of the highest quality, are harvested on small forest islands, amid large soybean plantations. From their productive backyards, these women symbolize female creative power and resistance to social and environmental pressures. \n<br>\n<br>\n\u201cWe, women rural workers, came together to be a beautiful brand, a slogan, to publicize our work. Hence the name: AMA of loving, women, and BELA of Belterra, of beauty. Love and beauty, in a very recognized work\u201d, explains Selma Ferreira da Costa.\n\n<br><br>\nThe group came together around common issues, such as female empowerment and workers' rights, and is maintained by selling surpluses from agroforestry production.<\/h5>\t\t<\/div>\n\t\t\t\t<\/div>\n\t\t\t\t<section class=\"elementor-section elementor-inner-section elementor-element elementor-element-7eacacf elementor-section-full_width elementor-section-height-default elementor-section-height-default\" data-id=\"7eacacf\" data-element_type=\"section\" data-settings=\"{&quot;jet_parallax_layout_list&quot;:[]}\">\n\t\t\t\t\t\t<div class=\"elementor-container elementor-column-gap-default\">\n\t\t\t\t\t<div class=\"elementor-column elementor-col-33 elementor-inner-column elementor-element elementor-element-e70b054\" data-id=\"e70b054\" data-element_type=\"column\">\n\t\t\t<div class=\"elementor-widget-wrap elementor-element-populated\">\n\t\t\t\t\t\t\t\t<div class=\"elementor-element elementor-element-4ce4d8f elementor-widget elementor-widget-image\" data-id=\"4ce4d8f\" data-element_type=\"widget\" data-widget_type=\"image.default\">\n\t\t\t\t<div class=\"elementor-widget-container\">\n\t\t\t<style>\/*! elementor - v3.15.0 - 09-08-2023 *\/\n.elementor-widget-image{text-align:center}.elementor-widget-image a{display:inline-block}.elementor-widget-image a img[src$=\".svg\"]{width:48px}.elementor-widget-image img{vertical-align:middle;display:inline-block}<\/style>\t\t\t\t\t\t\t\t\t\t\t\t<img loading=\"lazy\" decoding=\"async\" width=\"683\" height=\"1024\" src=\"https:\/\/ekosfera.org.br\/wp-content\/uploads\/2024\/10\/MG_7629-683x1024.jpg\" class=\"attachment-large size-large wp-image-2508\" alt=\"\" srcset=\"https:\/\/ekosfera.org.br\/wp-content\/uploads\/2024\/10\/MG_7629-683x1024.jpg 683w, https:\/\/ekosfera.org.br\/wp-content\/uploads\/2024\/10\/MG_7629-600x900.jpg 600w, https:\/\/ekosfera.org.br\/wp-content\/uploads\/2024\/10\/MG_7629-200x300.jpg 200w, https:\/\/ekosfera.org.br\/wp-content\/uploads\/2024\/10\/MG_7629-768x1152.jpg 768w, https:\/\/ekosfera.org.br\/wp-content\/uploads\/2024\/10\/MG_7629-1024x1536.jpg 1024w, https:\/\/ekosfera.org.br\/wp-content\/uploads\/2024\/10\/MG_7629-1365x2048.jpg 1365w, https:\/\/ekosfera.org.br\/wp-content\/uploads\/2024\/10\/MG_7629-8x12.jpg 8w, https:\/\/ekosfera.org.br\/wp-content\/uploads\/2024\/10\/MG_7629.jpg 1500w\" sizes=\"(max-width: 683px) 100vw, 683px\" \/>\t\t\t\t\t\t\t\t\t\t\t\t\t\t\t<\/div>\n\t\t\t\t<\/div>\n\t\t\t\t\t<\/div>\n\t\t<\/div>\n\t\t\t\t<div class=\"elementor-column elementor-col-33 elementor-inner-column elementor-element elementor-element-459dca2\" data-id=\"459dca2\" data-element_type=\"column\">\n\t\t\t<div class=\"elementor-widget-wrap elementor-element-populated\">\n\t\t\t\t\t\t\t\t<div class=\"elementor-element elementor-element-f984379 elementor-widget elementor-widget-image\" data-id=\"f984379\" data-element_type=\"widget\" data-widget_type=\"image.default\">\n\t\t\t\t<div class=\"elementor-widget-container\">\n\t\t\t\t\t\t\t\t\t\t\t\t\t\t\t<img loading=\"lazy\" decoding=\"async\" width=\"800\" height=\"396\" src=\"https:\/\/ekosfera.org.br\/wp-content\/uploads\/2024\/10\/amabela.jpg\" class=\"attachment-large size-large wp-image-2509\" alt=\"\" srcset=\"https:\/\/ekosfera.org.br\/wp-content\/uploads\/2024\/10\/amabela.jpg 800w, https:\/\/ekosfera.org.br\/wp-content\/uploads\/2024\/10\/amabela-600x297.jpg 600w, https:\/\/ekosfera.org.br\/wp-content\/uploads\/2024\/10\/amabela-300x149.jpg 300w, https:\/\/ekosfera.org.br\/wp-content\/uploads\/2024\/10\/amabela-768x380.jpg 768w, https:\/\/ekosfera.org.br\/wp-content\/uploads\/2024\/10\/amabela-18x9.jpg 18w\" sizes=\"(max-width: 800px) 100vw, 800px\" \/>\t\t\t\t\t\t\t\t\t\t\t\t\t\t\t<\/div>\n\t\t\t\t<\/div>\n\t\t\t\t<div class=\"elementor-element elementor-element-86fb6ca elementor-widget elementor-widget-image\" data-id=\"86fb6ca\" data-element_type=\"widget\" data-widget_type=\"image.default\">\n\t\t\t\t<div class=\"elementor-widget-container\">\n\t\t\t\t\t\t\t\t\t\t\t\t\t\t\t<img loading=\"lazy\" decoding=\"async\" width=\"507\" height=\"363\" src=\"https:\/\/ekosfera.org.br\/wp-content\/uploads\/2024\/10\/WhatsApp-Image-2021-09-30-at-23.39.27.jpeg\" class=\"attachment-large size-large wp-image-2507\" alt=\"\" srcset=\"https:\/\/ekosfera.org.br\/wp-content\/uploads\/2024\/10\/WhatsApp-Image-2021-09-30-at-23.39.27.jpeg 507w, https:\/\/ekosfera.org.br\/wp-content\/uploads\/2024\/10\/WhatsApp-Image-2021-09-30-at-23.39.27-300x215.jpeg 300w, https:\/\/ekosfera.org.br\/wp-content\/uploads\/2024\/10\/WhatsApp-Image-2021-09-30-at-23.39.27-18x12.jpeg 18w\" sizes=\"(max-width: 507px) 100vw, 507px\" \/>\t\t\t\t\t\t\t\t\t\t\t\t\t\t\t<\/div>\n\t\t\t\t<\/div>\n\t\t\t\t\t<\/div>\n\t\t<\/div>\n\t\t\t\t<div class=\"elementor-column elementor-col-33 elementor-inner-column elementor-element elementor-element-5851bab\" data-id=\"5851bab\" data-element_type=\"column\">\n\t\t\t<div class=\"elementor-widget-wrap elementor-element-populated\">\n\t\t\t\t\t\t\t\t<div class=\"elementor-element elementor-element-ea94929 elementor-widget elementor-widget-image\" data-id=\"ea94929\" data-element_type=\"widget\" data-widget_type=\"image.default\">\n\t\t\t\t<div class=\"elementor-widget-container\">\n\t\t\t\t\t\t\t\t\t\t\t\t\t\t\t<img loading=\"lazy\" decoding=\"async\" width=\"589\" height=\"723\" src=\"https:\/\/ekosfera.org.br\/wp-content\/uploads\/2024\/10\/AMABELA2-1.jpg\" class=\"attachment-large size-large wp-image-2510\" alt=\"\" srcset=\"https:\/\/ekosfera.org.br\/wp-content\/uploads\/2024\/10\/AMABELA2-1.jpg 589w, https:\/\/ekosfera.org.br\/wp-content\/uploads\/2024\/10\/AMABELA2-1-244x300.jpg 244w, https:\/\/ekosfera.org.br\/wp-content\/uploads\/2024\/10\/AMABELA2-1-10x12.jpg 10w\" sizes=\"(max-width: 589px) 100vw, 589px\" \/>\t\t\t\t\t\t\t\t\t\t\t\t\t\t\t<\/div>\n\t\t\t\t<\/div>\n\t\t\t\t<div class=\"elementor-element elementor-element-c818f7e elementor-widget elementor-widget-heading\" data-id=\"c818f7e\" data-element_type=\"widget\" data-widget_type=\"heading.default\">\n\t\t\t\t<div class=\"elementor-widget-container\">\n\t\t\t<h6 class=\"elementor-heading-title elementor-size-default\"><span class=\"OYPEnA font-feature-liga-off font-feature-clig-off font-feature-calt-off text-decoration-none text-strikethrough-none\" style=\"font-kerning: none;\">Credits: Personal Collection <\/span><\/h6>\t\t<\/div>\n\t\t\t\t<\/div>\n\t\t\t\t\t<\/div>\n\t\t<\/div>\n\t\t\t\t\t\t\t<\/div>\n\t\t<\/section>\n\t\t\t\t<div class=\"elementor-element elementor-element-6a6d621 elementor-widget elementor-widget-heading\" data-id=\"6a6d621\" data-element_type=\"widget\" data-widget_type=\"heading.default\">\n\t\t\t\t<div class=\"elementor-widget-container\">\n\t\t\t<h5 class=\"elementor-heading-title elementor-size-default\">SOCIAL AND ENVIRONMENTAL IMPACT <br>\n<span class=\"OYPEnA font-feature-liga-off font-feature-clig-off font-feature-calt-off text-decoration-none text-strikethrough-none\" style=\"font-kerning: none;\">The commercialization of cupua\u00e7u beans is just one of AMABELA's activities. Aware of its role, the association aims to raise awareness and positively impact the local community, strengthening the financial independence, freedom of thought and action of rural workers.<\/span><span class=\"OYPEnA font-feature-liga-off font-feature-clig-off font-feature-calt-off text-decoration-none text-strikethrough-none white-space-prewrap\" style=\"font-kerning: none;\"> <\/span><\/h5>\t\t<\/div>\n\t\t\t\t<\/div>\n\t\t\t\t\t<\/div>\n\t\t<\/div>\n\t\t\t\t\t\t\t<\/div>\n\t\t<\/section>\n\t\t\t\t\t\t\t<\/div>","protected":false},"excerpt":{"rendered":"<p>CONHE\u00c7A A ORGANIZA\u00c7\u00c3O DE MULHERES amabela Belterra &#8211; Rio Tapaj\u00f3s &#8211; Amaz\u00f4nia &#8211; Brasil Origin\u00e1rio da Amaz\u00f4nia, o cupua\u00e7u colhido pela Associa\u00e7\u00e3o de Mulheres Trabalhadoras Rurais do Munic\u00edpio de Belterra, no Par\u00e1, \u00e9 plantado em Sistema Agroflorestal. Com base nos saberes ancestrais dos povos da regi\u00e3o, as am\u00eandoas de cupua\u00e7u s\u00e3o tratadas de modo tradicional. [&hellip;]<\/p>","protected":false},"author":4,"featured_media":0,"parent":0,"menu_order":0,"comment_status":"closed","ping_status":"closed","template":"elementor_header_footer","meta":{"footnotes":""},"class_list":["post-2505","page","type-page","status-publish","hentry"],"_links":{"self":[{"href":"https:\/\/ekosfera.org.br\/en\/wp-json\/wp\/v2\/pages\/2505"}],"collection":[{"href":"https:\/\/ekosfera.org.br\/en\/wp-json\/wp\/v2\/pages"}],"about":[{"href":"https:\/\/ekosfera.org.br\/en\/wp-json\/wp\/v2\/types\/page"}],"author":[{"embeddable":true,"href":"https:\/\/ekosfera.org.br\/en\/wp-json\/wp\/v2\/users\/4"}],"replies":[{"embeddable":true,"href":"https:\/\/ekosfera.org.br\/en\/wp-json\/wp\/v2\/comments?post=2505"}],"version-history":[{"count":25,"href":"https:\/\/ekosfera.org.br\/en\/wp-json\/wp\/v2\/pages\/2505\/revisions"}],"predecessor-version":[{"id":2750,"href":"https:\/\/ekosfera.org.br\/en\/wp-json\/wp\/v2\/pages\/2505\/revisions\/2750"}],"wp:attachment":[{"href":"https:\/\/ekosfera.org.br\/en\/wp-json\/wp\/v2\/media?parent=2505"}],"curies":[{"name":"wp","href":"https:\/\/api.w.org\/{rel}","templated":true}]}}