{"id":2515,"date":"2024-10-08T09:33:11","date_gmt":"2024-10-08T12:33:11","guid":{"rendered":"https:\/\/ekosfera.org.br\/?page_id=2515"},"modified":"2024-10-31T17:25:09","modified_gmt":"2024-10-31T20:25:09","slug":"acara-acu","status":"publish","type":"page","link":"https:\/\/ekosfera.org.br\/en\/acara-acu\/","title":{"rendered":"ACAR\u00c1-A\u00c7U"},"content":{"rendered":"<div data-elementor-type=\"wp-page\" data-elementor-id=\"2515\" class=\"elementor elementor-2515\" data-elementor-post-type=\"page\">\n\t\t\t\t\t\t\t\t\t<section class=\"elementor-section elementor-top-section elementor-element elementor-element-c764d0a elementor-section-boxed elementor-section-height-default elementor-section-height-default\" data-id=\"c764d0a\" data-element_type=\"section\" data-settings=\"{&quot;jet_parallax_layout_list&quot;:[],&quot;background_background&quot;:&quot;classic&quot;}\">\n\t\t\t\t\t\t\t<div class=\"elementor-background-overlay\"><\/div>\n\t\t\t\t\t\t\t<div class=\"elementor-container elementor-column-gap-default\">\n\t\t\t\t\t<div class=\"elementor-column elementor-col-100 elementor-top-column elementor-element elementor-element-36651f0\" data-id=\"36651f0\" data-element_type=\"column\">\n\t\t\t<div class=\"elementor-widget-wrap elementor-element-populated\">\n\t\t\t\t\t\t\t\t<div class=\"elementor-element elementor-element-bee0112 elementor-widget elementor-widget-heading\" data-id=\"bee0112\" data-element_type=\"widget\" data-widget_type=\"heading.default\">\n\t\t\t\t<div class=\"elementor-widget-container\">\n\t\t\t<style>\/*! elementor - v3.15.0 - 09-08-2023 *\/\n.elementor-heading-title{padding:0;margin:0;line-height:1}.elementor-widget-heading .elementor-heading-title[class*=elementor-size-]>a{color:inherit;font-size:inherit;line-height:inherit}.elementor-widget-heading .elementor-heading-title.elementor-size-small{font-size:15px}.elementor-widget-heading .elementor-heading-title.elementor-size-medium{font-size:19px}.elementor-widget-heading .elementor-heading-title.elementor-size-large{font-size:29px}.elementor-widget-heading .elementor-heading-title.elementor-size-xl{font-size:39px}.elementor-widget-heading .elementor-heading-title.elementor-size-xxl{font-size:59px}<\/style><h5 class=\"elementor-heading-title elementor-size-default\"><span class=\"OYPEnA font-feature-liga-off font-feature-clig-off font-feature-calt-off text-decoration-none text-strikethrough-none\" style=\"font-kerning: none;\">GET TO KNOW THE RIVERSIDE COMMUNITY<\/span><\/h5>\t\t<\/div>\n\t\t\t\t<\/div>\n\t\t\t\t<div class=\"elementor-element elementor-element-c2484f0 elementor-widget elementor-widget-heading\" data-id=\"c2484f0\" data-element_type=\"widget\" data-widget_type=\"heading.default\">\n\t\t\t\t<div class=\"elementor-widget-container\">\n\t\t\t<h1 class=\"elementor-heading-title elementor-size-default\"><span class=\"OYPEnA font-feature-liga-off font-feature-clig-off font-feature-calt-off text-decoration-none text-strikethrough-none\" style=\"font-kerning: none;\">ACAR\u00c1-A\u00c7U<\/span><\/h1>\t\t<\/div>\n\t\t\t\t<\/div>\n\t\t\t\t<div class=\"elementor-element elementor-element-8813975 elementor-widget elementor-widget-heading\" data-id=\"8813975\" data-element_type=\"widget\" data-widget_type=\"heading.default\">\n\t\t\t\t<div class=\"elementor-widget-container\">\n\t\t\t<h5 class=\"elementor-heading-title elementor-size-default translation-block\">Acar\u00e1 - Acar\u00e1 River - Amazon - Brazil<\/h5>\t\t<\/div>\n\t\t\t\t<\/div>\n\t\t\t\t<div class=\"elementor-element elementor-element-d80e661 elementor-widget-divider--view-line elementor-widget elementor-widget-divider\" data-id=\"d80e661\" data-element_type=\"widget\" data-widget_type=\"divider.default\">\n\t\t\t\t<div class=\"elementor-widget-container\">\n\t\t\t<style>\/*! elementor - v3.15.0 - 09-08-2023 *\/\n.elementor-widget-divider{--divider-border-style:none;--divider-border-width:1px;--divider-color:#0c0d0e;--divider-icon-size:20px;--divider-element-spacing:10px;--divider-pattern-height:24px;--divider-pattern-size:20px;--divider-pattern-url:none;--divider-pattern-repeat:repeat-x}.elementor-widget-divider .elementor-divider{display:flex}.elementor-widget-divider .elementor-divider__text{font-size:15px;line-height:1;max-width:95%}.elementor-widget-divider .elementor-divider__element{margin:0 var(--divider-element-spacing);flex-shrink:0}.elementor-widget-divider .elementor-icon{font-size:var(--divider-icon-size)}.elementor-widget-divider .elementor-divider-separator{display:flex;margin:0;direction:ltr}.elementor-widget-divider--view-line_icon .elementor-divider-separator,.elementor-widget-divider--view-line_text .elementor-divider-separator{align-items:center}.elementor-widget-divider--view-line_icon .elementor-divider-separator:after,.elementor-widget-divider--view-line_icon .elementor-divider-separator:before,.elementor-widget-divider--view-line_text .elementor-divider-separator:after,.elementor-widget-divider--view-line_text .elementor-divider-separator:before{display:block;content:\"\";border-bottom:0;flex-grow:1;border-top:var(--divider-border-width) var(--divider-border-style) var(--divider-color)}.elementor-widget-divider--element-align-left .elementor-divider .elementor-divider-separator>.elementor-divider__svg:first-of-type{flex-grow:0;flex-shrink:100}.elementor-widget-divider--element-align-left .elementor-divider-separator:before{content:none}.elementor-widget-divider--element-align-left .elementor-divider__element{margin-left:0}.elementor-widget-divider--element-align-right .elementor-divider .elementor-divider-separator>.elementor-divider__svg:last-of-type{flex-grow:0;flex-shrink:100}.elementor-widget-divider--element-align-right .elementor-divider-separator:after{content:none}.elementor-widget-divider--element-align-right .elementor-divider__element{margin-right:0}.elementor-widget-divider:not(.elementor-widget-divider--view-line_text):not(.elementor-widget-divider--view-line_icon) .elementor-divider-separator{border-top:var(--divider-border-width) var(--divider-border-style) var(--divider-color)}.elementor-widget-divider--separator-type-pattern{--divider-border-style:none}.elementor-widget-divider--separator-type-pattern.elementor-widget-divider--view-line .elementor-divider-separator,.elementor-widget-divider--separator-type-pattern:not(.elementor-widget-divider--view-line) .elementor-divider-separator:after,.elementor-widget-divider--separator-type-pattern:not(.elementor-widget-divider--view-line) .elementor-divider-separator:before,.elementor-widget-divider--separator-type-pattern:not([class*=elementor-widget-divider--view]) .elementor-divider-separator{width:100%;min-height:var(--divider-pattern-height);-webkit-mask-size:var(--divider-pattern-size) 100%;mask-size:var(--divider-pattern-size) 100%;-webkit-mask-repeat:var(--divider-pattern-repeat);mask-repeat:var(--divider-pattern-repeat);background-color:var(--divider-color);-webkit-mask-image:var(--divider-pattern-url);mask-image:var(--divider-pattern-url)}.elementor-widget-divider--no-spacing{--divider-pattern-size:auto}.elementor-widget-divider--bg-round{--divider-pattern-repeat:round}.rtl .elementor-widget-divider .elementor-divider__text{direction:rtl}.e-con-inner>.elementor-widget-divider,.e-con>.elementor-widget-divider{width:var(--container-widget-width,100%);--flex-grow:var(--container-widget-flex-grow)}<\/style>\t\t<div class=\"elementor-divider\">\n\t\t\t<span class=\"elementor-divider-separator\">\n\t\t\t\t\t\t<\/span>\n\t\t<\/div>\n\t\t\t\t<\/div>\n\t\t\t\t<\/div>\n\t\t\t\t<div class=\"elementor-element elementor-element-d9cc1f6 elementor-widget elementor-widget-heading\" data-id=\"d9cc1f6\" data-element_type=\"widget\" data-widget_type=\"heading.default\">\n\t\t\t\t<div class=\"elementor-widget-container\">\n\t\t\t<h5 class=\"elementor-heading-title elementor-size-medium\">More than a hundred riverside families on the banks of the Acar\u00e1 River are part of the small cocoa producers\u2019 network, whose processing base is on the Acar\u00e1-A\u00e7u community leader\u2019s land: Zeno Gemaque. A skilled carpenter and entrepreneur, he has achieved maximum quality in the cocoa beans he processes. Over the years, he has improved harvesting, transport, fermentation, drying and storage protocols, making the processing structure of the Acar\u00e1-A\u00e7u community today considered a reference in the region.<br><br>\n\nThe fermentation tanks are made from the wood of trees fallen in the forest, the almonds\u2019 pre-processing use an intuitive and unique technique that preserves the microorganisms essential to life, while careful fermentation and drying processes enhance the sensorial aspects originating from the forest. As a result, a more aromatic cocoa bean with lower acidity. <br><br>\n \nThe gentle and refined management of cocoa by the riverside dwellers of this Amazonian community not only preserves the region's natural resources, but also fosters a sense of cooperation, justice and solidarity, essential in building an integrated production chain in balance with the environment.<\/h5>\t\t<\/div>\n\t\t\t\t<\/div>\n\t\t\t\t<section class=\"elementor-section elementor-inner-section elementor-element elementor-element-7eacacf elementor-section-full_width elementor-section-height-default elementor-section-height-default\" data-id=\"7eacacf\" data-element_type=\"section\" data-settings=\"{&quot;jet_parallax_layout_list&quot;:[]}\">\n\t\t\t\t\t\t<div class=\"elementor-container elementor-column-gap-default\">\n\t\t\t\t\t<div class=\"elementor-column elementor-col-33 elementor-inner-column elementor-element elementor-element-e70b054\" data-id=\"e70b054\" data-element_type=\"column\">\n\t\t\t<div class=\"elementor-widget-wrap elementor-element-populated\">\n\t\t\t\t\t\t\t\t<div class=\"elementor-element elementor-element-4ce4d8f elementor-widget elementor-widget-image\" data-id=\"4ce4d8f\" data-element_type=\"widget\" data-widget_type=\"image.default\">\n\t\t\t\t<div class=\"elementor-widget-container\">\n\t\t\t<style>\/*! elementor - v3.15.0 - 09-08-2023 *\/\n.elementor-widget-image{text-align:center}.elementor-widget-image a{display:inline-block}.elementor-widget-image a img[src$=\".svg\"]{width:48px}.elementor-widget-image img{vertical-align:middle;display:inline-block}<\/style>\t\t\t\t\t\t\t\t\t\t\t\t<img loading=\"lazy\" decoding=\"async\" width=\"647\" height=\"1017\" src=\"https:\/\/ekosfera.org.br\/wp-content\/uploads\/2024\/10\/acara-1.jpg\" class=\"attachment-large size-large wp-image-2517\" alt=\"\" srcset=\"https:\/\/ekosfera.org.br\/wp-content\/uploads\/2024\/10\/acara-1.jpg 647w, https:\/\/ekosfera.org.br\/wp-content\/uploads\/2024\/10\/acara-1-600x943.jpg 600w, https:\/\/ekosfera.org.br\/wp-content\/uploads\/2024\/10\/acara-1-191x300.jpg 191w, https:\/\/ekosfera.org.br\/wp-content\/uploads\/2024\/10\/acara-1-8x12.jpg 8w\" sizes=\"(max-width: 647px) 100vw, 647px\" \/>\t\t\t\t\t\t\t\t\t\t\t\t\t\t\t<\/div>\n\t\t\t\t<\/div>\n\t\t\t\t\t<\/div>\n\t\t<\/div>\n\t\t\t\t<div class=\"elementor-column elementor-col-33 elementor-inner-column elementor-element elementor-element-459dca2\" data-id=\"459dca2\" data-element_type=\"column\">\n\t\t\t<div class=\"elementor-widget-wrap elementor-element-populated\">\n\t\t\t\t\t\t\t\t<div class=\"elementor-element elementor-element-f984379 elementor-widget elementor-widget-image\" data-id=\"f984379\" data-element_type=\"widget\" data-widget_type=\"image.default\">\n\t\t\t\t<div class=\"elementor-widget-container\">\n\t\t\t\t\t\t\t\t\t\t\t\t\t\t\t<img loading=\"lazy\" decoding=\"async\" width=\"800\" height=\"464\" src=\"https:\/\/ekosfera.org.br\/wp-content\/uploads\/2024\/10\/acara2-1024x594.png\" class=\"attachment-large size-large wp-image-2518\" alt=\"\" srcset=\"https:\/\/ekosfera.org.br\/wp-content\/uploads\/2024\/10\/acara2-1024x594.png 1024w, https:\/\/ekosfera.org.br\/wp-content\/uploads\/2024\/10\/acara2-600x348.png 600w, https:\/\/ekosfera.org.br\/wp-content\/uploads\/2024\/10\/acara2-300x174.png 300w, https:\/\/ekosfera.org.br\/wp-content\/uploads\/2024\/10\/acara2-768x446.png 768w, https:\/\/ekosfera.org.br\/wp-content\/uploads\/2024\/10\/acara2-18x10.png 18w, https:\/\/ekosfera.org.br\/wp-content\/uploads\/2024\/10\/acara2.png 1325w\" sizes=\"(max-width: 800px) 100vw, 800px\" \/>\t\t\t\t\t\t\t\t\t\t\t\t\t\t\t<\/div>\n\t\t\t\t<\/div>\n\t\t\t\t<div class=\"elementor-element elementor-element-86fb6ca elementor-widget elementor-widget-image\" data-id=\"86fb6ca\" data-element_type=\"widget\" data-widget_type=\"image.default\">\n\t\t\t\t<div class=\"elementor-widget-container\">\n\t\t\t\t\t\t\t\t\t\t\t\t\t\t\t<img loading=\"lazy\" decoding=\"async\" width=\"800\" height=\"464\" src=\"https:\/\/ekosfera.org.br\/wp-content\/uploads\/2024\/10\/acara3-1024x594.png\" class=\"attachment-large size-large wp-image-2519\" alt=\"\" srcset=\"https:\/\/ekosfera.org.br\/wp-content\/uploads\/2024\/10\/acara3-1024x594.png 1024w, https:\/\/ekosfera.org.br\/wp-content\/uploads\/2024\/10\/acara3-600x348.png 600w, https:\/\/ekosfera.org.br\/wp-content\/uploads\/2024\/10\/acara3-300x174.png 300w, https:\/\/ekosfera.org.br\/wp-content\/uploads\/2024\/10\/acara3-768x445.png 768w, https:\/\/ekosfera.org.br\/wp-content\/uploads\/2024\/10\/acara3-18x10.png 18w, https:\/\/ekosfera.org.br\/wp-content\/uploads\/2024\/10\/acara3.png 1356w\" sizes=\"(max-width: 800px) 100vw, 800px\" \/>\t\t\t\t\t\t\t\t\t\t\t\t\t\t\t<\/div>\n\t\t\t\t<\/div>\n\t\t\t\t\t<\/div>\n\t\t<\/div>\n\t\t\t\t<div class=\"elementor-column elementor-col-33 elementor-inner-column elementor-element elementor-element-5851bab\" data-id=\"5851bab\" data-element_type=\"column\">\n\t\t\t<div class=\"elementor-widget-wrap elementor-element-populated\">\n\t\t\t\t\t\t\t\t<div class=\"elementor-element elementor-element-ea94929 elementor-widget elementor-widget-image\" data-id=\"ea94929\" data-element_type=\"widget\" data-widget_type=\"image.default\">\n\t\t\t\t<div class=\"elementor-widget-container\">\n\t\t\t\t\t\t\t\t\t\t\t\t\t\t\t<img loading=\"lazy\" decoding=\"async\" width=\"800\" height=\"1000\" src=\"https:\/\/ekosfera.org.br\/wp-content\/uploads\/2024\/10\/acara4-819x1024.png\" class=\"attachment-large size-large wp-image-2520\" alt=\"\" srcset=\"https:\/\/ekosfera.org.br\/wp-content\/uploads\/2024\/10\/acara4-819x1024.png 819w, https:\/\/ekosfera.org.br\/wp-content\/uploads\/2024\/10\/acara4-600x750.png 600w, https:\/\/ekosfera.org.br\/wp-content\/uploads\/2024\/10\/acara4-240x300.png 240w, https:\/\/ekosfera.org.br\/wp-content\/uploads\/2024\/10\/acara4-768x960.png 768w, https:\/\/ekosfera.org.br\/wp-content\/uploads\/2024\/10\/acara4-1228x1536.png 1228w, https:\/\/ekosfera.org.br\/wp-content\/uploads\/2024\/10\/acara4-10x12.png 10w, https:\/\/ekosfera.org.br\/wp-content\/uploads\/2024\/10\/acara4.png 1277w\" sizes=\"(max-width: 800px) 100vw, 800px\" \/>\t\t\t\t\t\t\t\t\t\t\t\t\t\t\t<\/div>\n\t\t\t\t<\/div>\n\t\t\t\t<div class=\"elementor-element elementor-element-c818f7e elementor-widget elementor-widget-heading\" data-id=\"c818f7e\" data-element_type=\"widget\" data-widget_type=\"heading.default\">\n\t\t\t\t<div class=\"elementor-widget-container\">\n\t\t\t<h6 class=\"elementor-heading-title elementor-size-default\"><span style=\"font-kerning: none;\">Image Credits: Coi Belluzzo and Valter Ziantoni<\/span><\/h6>\t\t<\/div>\n\t\t\t\t<\/div>\n\t\t\t\t\t<\/div>\n\t\t<\/div>\n\t\t\t\t\t\t\t<\/div>\n\t\t<\/section>\n\t\t\t\t<div class=\"elementor-element elementor-element-6a6d621 elementor-widget elementor-widget-heading\" data-id=\"6a6d621\" data-element_type=\"widget\" data-widget_type=\"heading.default\">\n\t\t\t\t<div class=\"elementor-widget-container\">\n\t\t\t<h5 class=\"elementor-heading-title elementor-size-medium\">SOCIAL AND ENVIRONMENTAL IMPACT <br>\n<span style=\"font-kerning: none;\">More than 100 families are impacted by the cocoa production chain, in a forest area with a wide variety of plant and animal species.<\/span><\/h5>\t\t<\/div>\n\t\t\t\t<\/div>\n\t\t\t\t\t<\/div>\n\t\t<\/div>\n\t\t\t\t\t\t\t<\/div>\n\t\t<\/section>\n\t\t\t\t\t\t\t<\/div>","protected":false},"excerpt":{"rendered":"<p>CONHE\u00c7A A COMUNIDADE RIBEIRINHA ACAR\u00c1-A\u00c7U Acar\u00e1 &#8211; Rio Acar\u00e1 &#8211; Amaz\u00f4nia &#8211; Brasil Mais de cem fam\u00edlias ribeirinhas \u00e0s margens do rio Acar\u00e1 fazem parte da rede de pequenos produtores de cacau, que tem como base de processamento o terreno de um dos l\u00edderes da comunidade Acar\u00e1-A\u00e7u: Zeno Gemaque. Habilidoso carpinteiro e empreendedor, atingiu o [&hellip;]<\/p>","protected":false},"author":4,"featured_media":0,"parent":0,"menu_order":0,"comment_status":"closed","ping_status":"closed","template":"elementor_header_footer","meta":{"footnotes":""},"class_list":["post-2515","page","type-page","status-publish","hentry"],"_links":{"self":[{"href":"https:\/\/ekosfera.org.br\/en\/wp-json\/wp\/v2\/pages\/2515"}],"collection":[{"href":"https:\/\/ekosfera.org.br\/en\/wp-json\/wp\/v2\/pages"}],"about":[{"href":"https:\/\/ekosfera.org.br\/en\/wp-json\/wp\/v2\/types\/page"}],"author":[{"embeddable":true,"href":"https:\/\/ekosfera.org.br\/en\/wp-json\/wp\/v2\/users\/4"}],"replies":[{"embeddable":true,"href":"https:\/\/ekosfera.org.br\/en\/wp-json\/wp\/v2\/comments?post=2515"}],"version-history":[{"count":25,"href":"https:\/\/ekosfera.org.br\/en\/wp-json\/wp\/v2\/pages\/2515\/revisions"}],"predecessor-version":[{"id":2713,"href":"https:\/\/ekosfera.org.br\/en\/wp-json\/wp\/v2\/pages\/2515\/revisions\/2713"}],"wp:attachment":[{"href":"https:\/\/ekosfera.org.br\/en\/wp-json\/wp\/v2\/media?parent=2515"}],"curies":[{"name":"wp","href":"https:\/\/api.w.org\/{rel}","templated":true}]}}